 {"id":87297,"date":"2026-01-30T14:21:34","date_gmt":"2026-01-30T13:21:34","guid":{"rendered":"https:\/\/www.prixdelausanne.org\/?page_id=87297"},"modified":"2026-01-30T14:21:11","modified_gmt":"2026-01-30T13:21:11","slug":"entree-gratuite-6-a-18-ans","status":"publish","type":"page","link":"https:\/\/www.prixdelausanne.org\/fr\/entree-gratuite-6-a-18-ans\/","title":{"rendered":"Entr\u00e9e gratuite de 6 \u00e0 18 ans"},"content":{"rendered":"<div class=\"the-content\"><h4>Du lundi au jeudi, pendant la semaine du Prix de Lausanne, les jeunes de 6 \u00e0 18 ans b\u00e9n\u00e9ficient de l&#8217;entr\u00e9e gratuite pour assister aux cours et aux sessions de coaching des 79 candidats s\u00e9lectionn\u00e9s.<\/h4>\n<p>Une occasion unique de d\u00e9couvrir les coulisses d&#8217;un concours international, d&#8217;observer l&#8217;entra\u00eenement de jeunes talents et de mieux comprendre les exigences du haut niveau artistique.<\/p>\n<p>Acc\u00e8s gratuit \u00e9galement \u00e0 la Soir\u00e9e Chor\u00e9graphique \u2013 mercredi 4 f\u00e9vrier 2026<br \/>\nUne soir\u00e9e plac\u00e9e sous le signe de la cr\u00e9ation et de l&#8217;innovation, avec la Finale du Young Creation Award et le Projet Chor\u00e9graphique des \u00c9coles Partenaires, dirig\u00e9 cette ann\u00e9e par le chor\u00e9graphe Edwaard Liang.<\/p>\n<p><strong>Il suffit de retirer un bracelet \u00e0 la billetterie (horaires ci-dessous).<\/strong><\/p>\n<p><strong>BONUS<\/strong><br \/>\nLes S\u00e9lections sont accessibles au tarif pr\u00e9f\u00e9rentiel de CHF 25.\u2013 au lieu de CHF 35.\u2013<br \/>\n<em>Offre valable pour une seule session (S\u00e9lections junior ou senior). <\/em><\/p>\n<p><span style=\"text-decoration: underline;\"><strong>Billetterie<\/strong> \u2013 Th\u00e9\u00e2tre de Beaulieu<\/span><br \/>\nLundi 2 f\u00e9vrier \u00b7 9h\u201314h<br \/>\nMardi 3 f\u00e9vrier \u00b7 9h\u201314h<br \/>\nMercredi 4 f\u00e9vrier \u00b7 9h\u201314h \/ 17h\u201318h<br \/>\nJeudi 5 f\u00e9vrier \u00b7 9h\u201314h<br \/>\nVendredi 6 f\u00e9vrier \u00b7 8h30\u201315h<br \/>\nSamedi 7 f\u00e9vrier \u00b7 10h\u201315h<br \/>\nDimanche 8 f\u00e9vrier \u00b7 13h\u201315h<\/p>\n<p><img decoding=\"async\" class=\"alignnone size-full wp-image-87294\" src=\"https:\/\/www.prixdelausanne.org\/wp-content\/uploads\/2026\/01\/dsc07314-weblechat-scaled.jpg\" alt=\"\" width=\"1920\" height=\"2560\" srcset=\"https:\/\/www.prixdelausanne.org\/wp-content\/uploads\/2026\/01\/dsc07314-weblechat-scaled.jpg 1920w, https:\/\/www.prixdelausanne.org\/wp-content\/uploads\/2026\/01\/dsc07314-weblechat-225x300.jpg 225w, https:\/\/www.prixdelausanne.org\/wp-content\/uploads\/2026\/01\/dsc07314-weblechat-768x1024.jpg 768w, https:\/\/www.prixdelausanne.org\/wp-content\/uploads\/2026\/01\/dsc07314-weblechat-800x1067.jpg 800w, https:\/\/www.prixdelausanne.org\/wp-content\/uploads\/2026\/01\/dsc07314-weblechat-960x1280.jpg 960w, https:\/\/www.prixdelausanne.org\/wp-content\/uploads\/2026\/01\/dsc07314-weblechat-1152x1536.jpg 1152w, https:\/\/www.prixdelausanne.org\/wp-content\/uploads\/2026\/01\/dsc07314-weblechat-1536x2048.jpg 1536w\" sizes=\"(max-width: 1920px) 100vw, 1920px\" loading=\"lazy\" \/><\/p>\n<\/div>","protected":false},"excerpt":{"rendered":"<p>Du lundi au jeudi, pendant la semaine du Prix de Lausanne, les jeunes de 6 \u00e0 18 ans b\u00e9n\u00e9ficient de l&#8217;entr\u00e9e gratuite pour assister aux cours et aux sessions de coaching des 79 candidats s\u00e9lectionn\u00e9s. Une occasion unique de d\u00e9couvrir les coulisses d&#8217;un concours international, d&#8217;observer l&#8217;entra\u00eenement de jeunes talents et de mieux comprendre les [&hellip;]<\/p>\n","protected":false},"author":7508,"featured_media":0,"parent":0,"menu_order":0,"comment_status":"closed","ping_status":"closed","template":"","meta":{"_acf_changed":false,"_monsterinsights_skip_tracking":false,"_monsterinsights_sitenote_active":false,"_monsterinsights_sitenote_note":"","_monsterinsights_sitenote_category":0,"footnotes":""},"class_list":["post-87297","page","type-page","status-publish","hentry"],"acf":[],"_links":{"self":[{"href":"https:\/\/www.prixdelausanne.org\/fr\/wp-json\/wp\/v2\/pages\/87297","targetHints":{"allow":["GET"]}}],"collection":[{"href":"https:\/\/www.prixdelausanne.org\/fr\/wp-json\/wp\/v2\/pages"}],"about":[{"href":"https:\/\/www.prixdelausanne.org\/fr\/wp-json\/wp\/v2\/types\/page"}],"author":[{"embeddable":true,"href":"https:\/\/www.prixdelausanne.org\/fr\/wp-json\/wp\/v2\/users\/7508"}],"replies":[{"embeddable":true,"href":"https:\/\/www.prixdelausanne.org\/fr\/wp-json\/wp\/v2\/comments?post=87297"}],"version-history":[{"count":0,"href":"https:\/\/www.prixdelausanne.org\/fr\/wp-json\/wp\/v2\/pages\/87297\/revisions"}],"wp:attachment":[{"href":"https:\/\/www.prixdelausanne.org\/fr\/wp-json\/wp\/v2\/media?parent=87297"}],"curies":[{"name":"wp","href":"https:\/\/api.w.org\/{rel}","templated":true}]}}