 {"id":86555,"date":"2026-02-08T01:40:03","date_gmt":"2026-02-08T00:40:03","guid":{"rendered":"https:\/\/www.prixdelausanne.org\/?page_id=86555"},"modified":"2026-02-08T11:24:10","modified_gmt":"2026-02-08T10:24:10","slug":"rising-stars26-lineup","status":"publish","type":"page","link":"https:\/\/www.prixdelausanne.org\/fr\/rising-stars26-lineup\/","title":{"rendered":"Rising Stars 2026 &#8211; Programme"},"content":{"rendered":"<div class=\"the-content\"><h4>Nous avons le plaisir de vous annoncer le programme de la deuxi\u00e8me \u00e9dition d&#8217;\u00c9toiles Montantes. Nous vous souhaitons un magnifique moment avec les danseurs du Prix de Lausanne 2026 !<\/h4>\n<h4>We are pleased to announce the lineup for the second edition of Rising Stars. We wish you a wonderful experience with the dancers of the Prix de Lausanne 2026!<\/h4>\n<p>&nbsp;<\/p>\n<\/div>","protected":false},"excerpt":{"rendered":"<p>Nous avons le plaisir de vous annoncer le programme de la deuxi\u00e8me \u00e9dition d&#8217;\u00c9toiles Montantes. Nous vous souhaitons un magnifique moment avec les danseurs du Prix de Lausanne 2026 ! We are pleased to announce the lineup for the second edition of Rising Stars. We wish you a wonderful experience with the dancers of the [&hellip;]<\/p>\n","protected":false},"author":7514,"featured_media":0,"parent":0,"menu_order":0,"comment_status":"closed","ping_status":"closed","template":"","meta":{"_acf_changed":false,"_monsterinsights_skip_tracking":false,"_monsterinsights_sitenote_active":false,"_monsterinsights_sitenote_note":"","_monsterinsights_sitenote_category":0,"footnotes":""},"class_list":["post-86555","page","type-page","status-publish","hentry"],"acf":[],"_links":{"self":[{"href":"https:\/\/www.prixdelausanne.org\/fr\/wp-json\/wp\/v2\/pages\/86555","targetHints":{"allow":["GET"]}}],"collection":[{"href":"https:\/\/www.prixdelausanne.org\/fr\/wp-json\/wp\/v2\/pages"}],"about":[{"href":"https:\/\/www.prixdelausanne.org\/fr\/wp-json\/wp\/v2\/types\/page"}],"author":[{"embeddable":true,"href":"https:\/\/www.prixdelausanne.org\/fr\/wp-json\/wp\/v2\/users\/7514"}],"replies":[{"embeddable":true,"href":"https:\/\/www.prixdelausanne.org\/fr\/wp-json\/wp\/v2\/comments?post=86555"}],"version-history":[{"count":0,"href":"https:\/\/www.prixdelausanne.org\/fr\/wp-json\/wp\/v2\/pages\/86555\/revisions"}],"wp:attachment":[{"href":"https:\/\/www.prixdelausanne.org\/fr\/wp-json\/wp\/v2\/media?parent=86555"}],"curies":[{"name":"wp","href":"https:\/\/api.w.org\/{rel}","templated":true}]}}