 {"id":76631,"date":"2025-10-30T11:10:20","date_gmt":"2025-10-30T10:10:20","guid":{"rendered":"https:\/\/www.prixdelausanne.org\/?page_id=76631"},"modified":"2026-01-12T17:33:25","modified_gmt":"2026-01-12T16:33:25","slug":"programme-vip-prix-de-lausanne","status":"publish","type":"page","link":"https:\/\/www.prixdelausanne.org\/fr\/programme-vip-prix-de-lausanne\/","title":{"rendered":"Programme VIP"},"content":{"rendered":"<div class=\"the-content\"><h2><span style=\"color: #c9ad6f;\">Bienvenue !<\/span><\/h2>\n<h3>D\u00e9couvrez des informations exclusives sur le Prix de Lausanne 2026, accessibles en avant-premi\u00e8re et sous r\u00e9serve.<br data-start=\"293\" data-end=\"296\" \/>Ce contenu est r\u00e9serv\u00e9 \u00e0 nos membres VIP.<\/h3>\n<p><span style=\"color: #000000;\"><strong>La pr\u00e9vente VIP de billets ouvrira le 26 novembre 2025.<\/strong><\/span><\/p>\n<\/div>","protected":false},"excerpt":{"rendered":"<p>Bienvenue ! D\u00e9couvrez des informations exclusives sur le Prix de Lausanne 2026, accessibles en avant-premi\u00e8re et sous r\u00e9serve.Ce contenu est r\u00e9serv\u00e9 \u00e0 nos membres VIP. La pr\u00e9vente VIP de billets ouvrira le 26 novembre 2025.<\/p>\n","protected":false},"author":7508,"featured_media":0,"parent":0,"menu_order":0,"comment_status":"closed","ping_status":"closed","template":"","meta":{"_acf_changed":false,"_monsterinsights_skip_tracking":false,"_monsterinsights_sitenote_active":false,"_monsterinsights_sitenote_note":"","_monsterinsights_sitenote_category":0,"footnotes":""},"class_list":["post-76631","page","type-page","status-publish","hentry"],"acf":[],"_links":{"self":[{"href":"https:\/\/www.prixdelausanne.org\/fr\/wp-json\/wp\/v2\/pages\/76631","targetHints":{"allow":["GET"]}}],"collection":[{"href":"https:\/\/www.prixdelausanne.org\/fr\/wp-json\/wp\/v2\/pages"}],"about":[{"href":"https:\/\/www.prixdelausanne.org\/fr\/wp-json\/wp\/v2\/types\/page"}],"author":[{"embeddable":true,"href":"https:\/\/www.prixdelausanne.org\/fr\/wp-json\/wp\/v2\/users\/7508"}],"replies":[{"embeddable":true,"href":"https:\/\/www.prixdelausanne.org\/fr\/wp-json\/wp\/v2\/comments?post=76631"}],"version-history":[{"count":0,"href":"https:\/\/www.prixdelausanne.org\/fr\/wp-json\/wp\/v2\/pages\/76631\/revisions"}],"wp:attachment":[{"href":"https:\/\/www.prixdelausanne.org\/fr\/wp-json\/wp\/v2\/media?parent=76631"}],"curies":[{"name":"wp","href":"https:\/\/api.w.org\/{rel}","templated":true}]}}