 {"id":62513,"date":"2024-05-08T10:28:00","date_gmt":"2024-05-08T08:28:00","guid":{"rendered":"https:\/\/www.prixdelausanne.org\/?page_id=62513"},"modified":"2024-09-04T14:28:48","modified_gmt":"2024-09-04T12:28:48","slug":"asie-pacifiquemacao","status":"publish","type":"page","link":"https:\/\/www.prixdelausanne.org\/fr\/asie-pacifiquemacao\/","title":{"rendered":"Pr\u00e9s\u00e9lection Asie-Pacifique \u2013 Macao 2024"},"content":{"rendered":"<div class=\"the-content\"><h4><span style=\"color: #c9ad6f;\">Nous sommes ravis d&#8217;annoncer que le Prix de Lausanne tiendra une pr\u00e9s\u00e9lection pour la r\u00e9gion Asie-Pacifique \u00e0 Macao, du 28 au 29 septembre 2024.<\/span><\/h4>\n<p class=\"p2\">Cette initiative est rendue possible gr\u00e2ce \u00e0 notre collaboration avec SJM Resorts, S.A., un acteur majeur dans le secteur des complexes de vill\u00e9giature int\u00e9gr\u00e9s et des services h\u00f4teliers de luxe \u00e0 Macao.<\/p>\n<p class=\"p2\">Cet \u00e9v\u00e9nement marque le retour du Prix de Lausanne en Asie depuis 2022 et constitue notre premi\u00e8re pr\u00e9s\u00e9lection dans l&#8217;embl\u00e9matique ville de Macao SAR, en Chine. Ce choix illustre notre volont\u00e9 de promouvoir le talent artistique et de d\u00e9velopper les opportunit\u00e9s au sein de la communaut\u00e9 internationale de la danse.<\/p>\n<p class=\"p2\">La pr\u00e9s\u00e9lection se tiendra au prestigieux Grand Lisboa Palace Resort Macau. Jusqu&#8217;\u00e0 quatre danseurs exceptionnels se verront offrir une prise en charge compl\u00e8te de tous les frais pour participer \u00e0 la comp\u00e9tition du Prix de Lausanne 2025.<\/p>\n<\/div>","protected":false},"excerpt":{"rendered":"<p>Nous sommes ravis d&#8217;annoncer que le Prix de Lausanne tiendra une pr\u00e9s\u00e9lection pour la r\u00e9gion Asie-Pacifique \u00e0 Macao, du 28 au 29 septembre 2024. Cette initiative est rendue possible gr\u00e2ce \u00e0 notre collaboration avec SJM Resorts, S.A., un acteur majeur dans le secteur des complexes de vill\u00e9giature int\u00e9gr\u00e9s et des services h\u00f4teliers de luxe \u00e0 [&hellip;]<\/p>\n","protected":false},"author":7514,"featured_media":0,"parent":0,"menu_order":4,"comment_status":"closed","ping_status":"closed","template":"","meta":{"_acf_changed":false,"_monsterinsights_skip_tracking":false,"_monsterinsights_sitenote_active":false,"_monsterinsights_sitenote_note":"","_monsterinsights_sitenote_category":0,"footnotes":""},"class_list":["post-62513","page","type-page","status-publish","hentry"],"acf":[],"_links":{"self":[{"href":"https:\/\/www.prixdelausanne.org\/fr\/wp-json\/wp\/v2\/pages\/62513","targetHints":{"allow":["GET"]}}],"collection":[{"href":"https:\/\/www.prixdelausanne.org\/fr\/wp-json\/wp\/v2\/pages"}],"about":[{"href":"https:\/\/www.prixdelausanne.org\/fr\/wp-json\/wp\/v2\/types\/page"}],"author":[{"embeddable":true,"href":"https:\/\/www.prixdelausanne.org\/fr\/wp-json\/wp\/v2\/users\/7514"}],"replies":[{"embeddable":true,"href":"https:\/\/www.prixdelausanne.org\/fr\/wp-json\/wp\/v2\/comments?post=62513"}],"version-history":[{"count":0,"href":"https:\/\/www.prixdelausanne.org\/fr\/wp-json\/wp\/v2\/pages\/62513\/revisions"}],"wp:attachment":[{"href":"https:\/\/www.prixdelausanne.org\/fr\/wp-json\/wp\/v2\/media?parent=62513"}],"curies":[{"name":"wp","href":"https:\/\/api.w.org\/{rel}","templated":true}]}}