 {"id":58291,"date":"2024-01-15T12:02:47","date_gmt":"2024-01-15T11:02:47","guid":{"rendered":"https:\/\/www.prixdelausanne.org\/?page_id=58291"},"modified":"2026-01-26T12:57:00","modified_gmt":"2026-01-26T11:57:00","slug":"classes-eleves-de-la-region","status":"publish","type":"page","link":"https:\/\/www.prixdelausanne.org\/fr\/classes-eleves-de-la-region\/","title":{"rendered":"Classes pour les \u00e9l\u00e8ves de la r\u00e9gion"},"content":{"rendered":"<div class=\"the-content\"><p>Chaque ann\u00e9e, dans le cadre de ses \u00e9v\u00e9nements internationaux, le Prix de Lausanne propose des cours gratuits de danse classique et contemporaine aux \u00e9l\u00e8ves des \u00e9coles de danse suisses locales.<\/p>\n<\/div>","protected":false},"excerpt":{"rendered":"<p>Chaque ann\u00e9e, dans le cadre de ses \u00e9v\u00e9nements internationaux, le Prix de Lausanne propose des cours gratuits de danse classique et contemporaine aux \u00e9l\u00e8ves des \u00e9coles de danse suisses locales.<\/p>\n","protected":false},"author":7513,"featured_media":0,"parent":0,"menu_order":0,"comment_status":"closed","ping_status":"closed","template":"","meta":{"_acf_changed":false,"_monsterinsights_skip_tracking":false,"_monsterinsights_sitenote_active":false,"_monsterinsights_sitenote_note":"","_monsterinsights_sitenote_category":0,"footnotes":""},"class_list":["post-58291","page","type-page","status-publish","hentry"],"acf":[],"_links":{"self":[{"href":"https:\/\/www.prixdelausanne.org\/fr\/wp-json\/wp\/v2\/pages\/58291","targetHints":{"allow":["GET"]}}],"collection":[{"href":"https:\/\/www.prixdelausanne.org\/fr\/wp-json\/wp\/v2\/pages"}],"about":[{"href":"https:\/\/www.prixdelausanne.org\/fr\/wp-json\/wp\/v2\/types\/page"}],"author":[{"embeddable":true,"href":"https:\/\/www.prixdelausanne.org\/fr\/wp-json\/wp\/v2\/users\/7513"}],"replies":[{"embeddable":true,"href":"https:\/\/www.prixdelausanne.org\/fr\/wp-json\/wp\/v2\/comments?post=58291"}],"version-history":[{"count":0,"href":"https:\/\/www.prixdelausanne.org\/fr\/wp-json\/wp\/v2\/pages\/58291\/revisions"}],"wp:attachment":[{"href":"https:\/\/www.prixdelausanne.org\/fr\/wp-json\/wp\/v2\/media?parent=58291"}],"curies":[{"name":"wp","href":"https:\/\/api.w.org\/{rel}","templated":true}]}}