 {"id":57549,"date":"2023-11-22T11:39:05","date_gmt":"2023-11-22T10:39:05","guid":{"rendered":"https:\/\/www.prixdelausanne.org\/?page_id=57549"},"modified":"2026-01-12T08:48:12","modified_gmt":"2026-01-12T07:48:12","slug":"american-friends","status":"publish","type":"page","link":"https:\/\/www.prixdelausanne.org\/fr\/american-friends\/","title":{"rendered":"American Friends"},"content":{"rendered":"<div class=\"the-content\"><h2><span style=\"color: #c9ad6f;\">Devenez membre des American Friends<br \/>\n<\/span><span style=\"color: #c9ad6f;\">du Prix de Lausanne<\/span><\/h2>\n<p><strong>Devenez membre des <span style=\"color: #c9ad6f;\">American Friends du Prix de Lausanne<\/span> ou soutenez un projet sp\u00e9cifique avec un don. Assistez au Prix de Lausanne en tant qu&#8217;invit\u00e9 VIP et b\u00e9n\u00e9ficiez de nombreux avantages sur mesure!<\/strong><\/p>\n<\/div>","protected":false},"excerpt":{"rendered":"<p>Devenez membre des American Friends du Prix de Lausanne Devenez membre des American Friends du Prix de Lausanne ou soutenez un projet sp\u00e9cifique avec un don. Assistez au Prix de Lausanne en tant qu&#8217;invit\u00e9 VIP et b\u00e9n\u00e9ficiez de nombreux avantages sur mesure!<\/p>\n","protected":false},"author":7508,"featured_media":0,"parent":0,"menu_order":0,"comment_status":"closed","ping_status":"closed","template":"","meta":{"_acf_changed":false,"_monsterinsights_skip_tracking":false,"_monsterinsights_sitenote_active":false,"_monsterinsights_sitenote_note":"","_monsterinsights_sitenote_category":0,"footnotes":""},"class_list":["post-57549","page","type-page","status-publish","hentry"],"acf":[],"_links":{"self":[{"href":"https:\/\/www.prixdelausanne.org\/fr\/wp-json\/wp\/v2\/pages\/57549","targetHints":{"allow":["GET"]}}],"collection":[{"href":"https:\/\/www.prixdelausanne.org\/fr\/wp-json\/wp\/v2\/pages"}],"about":[{"href":"https:\/\/www.prixdelausanne.org\/fr\/wp-json\/wp\/v2\/types\/page"}],"author":[{"embeddable":true,"href":"https:\/\/www.prixdelausanne.org\/fr\/wp-json\/wp\/v2\/users\/7508"}],"replies":[{"embeddable":true,"href":"https:\/\/www.prixdelausanne.org\/fr\/wp-json\/wp\/v2\/comments?post=57549"}],"version-history":[{"count":0,"href":"https:\/\/www.prixdelausanne.org\/fr\/wp-json\/wp\/v2\/pages\/57549\/revisions"}],"wp:attachment":[{"href":"https:\/\/www.prixdelausanne.org\/fr\/wp-json\/wp\/v2\/media?parent=57549"}],"curies":[{"name":"wp","href":"https:\/\/api.w.org\/{rel}","templated":true}]}}