 {"id":51030,"date":"2023-01-19T09:01:19","date_gmt":"2023-01-19T08:01:19","guid":{"rendered":"https:\/\/www.prixdelausanne.org\/support-us\/"},"modified":"2025-03-30T16:02:27","modified_gmt":"2025-03-30T14:02:27","slug":"support-us","status":"publish","type":"page","link":"https:\/\/www.prixdelausanne.org\/fr\/support-us\/","title":{"rendered":"Nous soutenir"},"content":{"rendered":"<div class=\"the-content\"><h3><span style=\"color: #c9ad6f;\">Soutenez les \u00e9toiles de demain en devenant m\u00e9c\u00e8ne du Prix de Lausanne. Ensemble, fa\u00e7onnons l\u2019avenir de la danse !<\/span><\/h3>\n<p>En tant que fondation \u00e0 but non lucratif, le Prix de Lausanne a pour objectif de soutenir le d\u00e9but de la carri\u00e8re professionnelle de jeunes danseurs et danseuses talentueux en :<\/p>\n<ul>\n<li>offrant des bourses d&#8217;\u00e9tudes annuelles dans nos \u00e9coles et compagnies partenaires;<\/li>\n<li>apportant un soutien sp\u00e9cifique aux talents exceptionnels en danse;<\/li>\n<li>aidant les danseurs issus de milieux de\u0301favorise\u0301s du monde entier \u00e0 acc\u00e9der \u00e0 une formation de qualit\u00e9;<\/li>\n<li>d\u00e9veloppant des programmes \u00e9ducatifs innovants et inclusifs tout au long de l&#8217;ann\u00e9e;<\/li>\n<li>promouvant la danse \u00e0 travers des initiatives de sensibilisation en Suisse.<\/li>\n<\/ul>\n<\/div>","protected":false},"excerpt":{"rendered":"<p>Soutenez les \u00e9toiles de demain en devenant m\u00e9c\u00e8ne du Prix de Lausanne. Ensemble, fa\u00e7onnons l\u2019avenir de la danse ! En tant que fondation \u00e0 but non lucratif, le Prix de Lausanne a pour objectif de soutenir le d\u00e9but de la carri\u00e8re professionnelle de jeunes danseurs et danseuses talentueux en : offrant des bourses d&#8217;\u00e9tudes annuelles [&hellip;]<\/p>\n","protected":false},"author":7508,"featured_media":0,"parent":0,"menu_order":0,"comment_status":"closed","ping_status":"closed","template":"","meta":{"_acf_changed":false,"_monsterinsights_skip_tracking":false,"_monsterinsights_sitenote_active":false,"_monsterinsights_sitenote_note":"","_monsterinsights_sitenote_category":0,"footnotes":""},"class_list":["post-51030","page","type-page","status-publish","hentry"],"acf":[],"_links":{"self":[{"href":"https:\/\/www.prixdelausanne.org\/fr\/wp-json\/wp\/v2\/pages\/51030","targetHints":{"allow":["GET"]}}],"collection":[{"href":"https:\/\/www.prixdelausanne.org\/fr\/wp-json\/wp\/v2\/pages"}],"about":[{"href":"https:\/\/www.prixdelausanne.org\/fr\/wp-json\/wp\/v2\/types\/page"}],"author":[{"embeddable":true,"href":"https:\/\/www.prixdelausanne.org\/fr\/wp-json\/wp\/v2\/users\/7508"}],"replies":[{"embeddable":true,"href":"https:\/\/www.prixdelausanne.org\/fr\/wp-json\/wp\/v2\/comments?post=51030"}],"version-history":[{"count":0,"href":"https:\/\/www.prixdelausanne.org\/fr\/wp-json\/wp\/v2\/pages\/51030\/revisions"}],"wp:attachment":[{"href":"https:\/\/www.prixdelausanne.org\/fr\/wp-json\/wp\/v2\/media?parent=51030"}],"curies":[{"name":"wp","href":"https:\/\/api.w.org\/{rel}","templated":true}]}}