 {"id":51009,"date":"2023-01-18T15:15:37","date_gmt":"2023-01-18T14:15:37","guid":{"rendered":"https:\/\/www.prixdelausanne.org\/?page_id=51009"},"modified":"2025-03-10T15:08:53","modified_gmt":"2025-03-10T14:08:53","slug":"dons","status":"publish","type":"page","link":"https:\/\/www.prixdelausanne.org\/fr\/dons\/","title":{"rendered":"Faites un don"},"content":{"rendered":"<div class=\"the-content\"><h2><span style=\"color: #c9ad6f;\">Faites un don et soutenez le Prix de Lausanne<\/span><\/h2>\n<p>La Fondation en faveur de l&#8217;Art Chor\u00e9graphique est une Fondation \u00e0 but non lucratif dont les activit\u00e9s sont enti\u00e8rement financ\u00e9es par des dons priv\u00e9s et des subventions publiques. En faisant un don, vous soutenez la Fondation dans ses nombreuses actions :<\/p>\n<ul>\n<li>offrir des bourses d&#8217;\u00e9tudes annuelles dans nos \u00e9coles et compagnies partenaires;<\/li>\n<li>apporter un soutien sp\u00e9cifique aux talents exceptionnels en danse;<\/li>\n<li>aider les danseurs issus de milieux de\u0301favorise\u0301s du monde entier \u00e0 acc\u00e9der \u00e0 une formation de qualit\u00e9;<\/li>\n<li>d\u00e9velopper des programmes \u00e9ducatifs innovants et inclusifs tout au long de l&#8217;ann\u00e9e;<\/li>\n<li>promouvoir la danse \u00e0 travers des initiatives de sensibilisation en Suisse.<\/li>\n<\/ul>\n<h3><span style=\"color: #c9ad6f;\">Vos dons sont d\u00e9ductibles des imp\u00f4ts*<\/span><\/h3>\n<p>Si vous avez donn\u00e9 100 CHF ou plus au cours d\u2019une ann\u00e9e (en un ou plusieurs dons), vous pouvez d\u00e9duire vos dons de charit\u00e9 dans votre d\u00e9claration d\u2019imp\u00f4ts. Le montant de vos imp\u00f4ts f\u00e9d\u00e9raux, cantonaux et municipaux en sera r\u00e9duit. Les dons peuvent \u00eatre d\u00e9duits du revenu imposable pour l\u2019imp\u00f4t f\u00e9d\u00e9ral direct, ainsi que pour l\u2019imp\u00f4t cantonal et communal.<\/p>\n<p>Apr\u00e8s r\u00e9ception de votre don, vous recevrez une attestation de donation pour vos imp\u00f4ts.<\/p>\n<p><sup>*Selon les r\u00e8gles en vigueur dans votre canton.<\/sup><\/p>\n<h3><span style=\"color: #c9ad6f;\">Pour nos m\u00e9c\u00e8nes am\u00e9ricains\u00a0<\/span><\/h3>\n<p>Vous voulez faire un don au Prix de Lausanne et r\u00e9sidez aux \u00c9tats-Unis? Visitez <a href=\"https:\/\/www.prixdelausanne.org\/fr\/american-friends\" data-wpel-link=\"internal\">notre page d\u00e9di\u00e9e<\/a>.<\/p>\n<\/div>","protected":false},"excerpt":{"rendered":"<p>Faites un don et soutenez le Prix de Lausanne La Fondation en faveur de l&#8217;Art Chor\u00e9graphique est une Fondation \u00e0 but non lucratif dont les activit\u00e9s sont enti\u00e8rement financ\u00e9es par des dons priv\u00e9s et des subventions publiques. En faisant un don, vous soutenez la Fondation dans ses nombreuses actions : offrir des bourses d&#8217;\u00e9tudes annuelles [&hellip;]<\/p>\n","protected":false},"author":5446,"featured_media":0,"parent":0,"menu_order":0,"comment_status":"closed","ping_status":"closed","template":"","meta":{"_acf_changed":false,"_monsterinsights_skip_tracking":false,"_monsterinsights_sitenote_active":false,"_monsterinsights_sitenote_note":"","_monsterinsights_sitenote_category":0,"footnotes":""},"class_list":["post-51009","page","type-page","status-publish","hentry"],"acf":[],"_links":{"self":[{"href":"https:\/\/www.prixdelausanne.org\/fr\/wp-json\/wp\/v2\/pages\/51009","targetHints":{"allow":["GET"]}}],"collection":[{"href":"https:\/\/www.prixdelausanne.org\/fr\/wp-json\/wp\/v2\/pages"}],"about":[{"href":"https:\/\/www.prixdelausanne.org\/fr\/wp-json\/wp\/v2\/types\/page"}],"author":[{"embeddable":true,"href":"https:\/\/www.prixdelausanne.org\/fr\/wp-json\/wp\/v2\/users\/5446"}],"replies":[{"embeddable":true,"href":"https:\/\/www.prixdelausanne.org\/fr\/wp-json\/wp\/v2\/comments?post=51009"}],"version-history":[{"count":0,"href":"https:\/\/www.prixdelausanne.org\/fr\/wp-json\/wp\/v2\/pages\/51009\/revisions"}],"wp:attachment":[{"href":"https:\/\/www.prixdelausanne.org\/fr\/wp-json\/wp\/v2\/media?parent=51009"}],"curies":[{"name":"wp","href":"https:\/\/api.w.org\/{rel}","templated":true}]}}