 {"id":50529,"date":"2023-01-09T20:15:32","date_gmt":"2023-01-09T19:15:32","guid":{"rendered":"https:\/\/www.prixdelausanne.org\/?page_id=50529"},"modified":"2026-01-13T13:58:45","modified_gmt":"2026-01-13T12:58:45","slug":"horaires-publics","status":"publish","type":"page","link":"https:\/\/www.prixdelausanne.org\/fr\/horaires-publics\/","title":{"rendered":"Programme"},"content":{"rendered":"<div class=\"the-content\"><h2 data-start=\"144\" data-end=\"183\">Une semaine d&#8217;\u00e9v\u00e9nements, de cours, de coachings et de spectacles ! Le programme est disponible ci-dessous.<\/h2>\n<p data-start=\"185\" data-end=\"420\">Nous nous r\u00e9jouissons de vous accueillir pour la prochaine \u00e9dition du Prix de Lausanne, qui se tiendra du 1er au 8 f\u00e9vrier 2026 au Th\u00e9\u00e2tre de Beaulieu. Les billets pour le Prix de Lausanne 2026 sont d\u00e9sormais en vente sur <a href=\"https:\/\/www.ticketcorner.ch\/fr\/artist\/prix-de-lausanne\/prix-de-lausanne-2026-3995555\/\" target=\"_blank\" rel=\"noopener nofollow external noreferrer\" data-wpel-link=\"external\">Ticketcorner.ch<\/a><\/p>\n<p data-start=\"422\" data-end=\"514\">Pour rester inform\u00e9, suivez-nous sur les r\u00e9seaux sociaux et abonnez-vous <a href=\"https:\/\/www.prixdelausanne.org\/fr\/newsletter\/\" data-wpel-link=\"internal\">\u00e0 notre newsletter<\/a>.<\/p>\n<\/div>","protected":false},"excerpt":{"rendered":"<p>Une semaine d&#8217;\u00e9v\u00e9nements, de cours, de coachings et de spectacles ! Le programme est disponible ci-dessous. Nous nous r\u00e9jouissons de vous accueillir pour la prochaine \u00e9dition du Prix de Lausanne, qui se tiendra du 1er au 8 f\u00e9vrier 2026 au Th\u00e9\u00e2tre de Beaulieu. Les billets pour le Prix de Lausanne 2026 sont d\u00e9sormais en vente [&hellip;]<\/p>\n","protected":false},"author":7512,"featured_media":0,"parent":0,"menu_order":0,"comment_status":"closed","ping_status":"closed","template":"","meta":{"_acf_changed":false,"_monsterinsights_skip_tracking":false,"_monsterinsights_sitenote_active":false,"_monsterinsights_sitenote_note":"","_monsterinsights_sitenote_category":0,"footnotes":""},"class_list":["post-50529","page","type-page","status-publish","hentry"],"acf":[],"_links":{"self":[{"href":"https:\/\/www.prixdelausanne.org\/fr\/wp-json\/wp\/v2\/pages\/50529","targetHints":{"allow":["GET"]}}],"collection":[{"href":"https:\/\/www.prixdelausanne.org\/fr\/wp-json\/wp\/v2\/pages"}],"about":[{"href":"https:\/\/www.prixdelausanne.org\/fr\/wp-json\/wp\/v2\/types\/page"}],"author":[{"embeddable":true,"href":"https:\/\/www.prixdelausanne.org\/fr\/wp-json\/wp\/v2\/users\/7512"}],"replies":[{"embeddable":true,"href":"https:\/\/www.prixdelausanne.org\/fr\/wp-json\/wp\/v2\/comments?post=50529"}],"version-history":[{"count":0,"href":"https:\/\/www.prixdelausanne.org\/fr\/wp-json\/wp\/v2\/pages\/50529\/revisions"}],"wp:attachment":[{"href":"https:\/\/www.prixdelausanne.org\/fr\/wp-json\/wp\/v2\/media?parent=50529"}],"curies":[{"name":"wp","href":"https:\/\/api.w.org\/{rel}","templated":true}]}}