 {"id":48029,"date":"2022-10-24T15:14:31","date_gmt":"2022-10-24T13:14:31","guid":{"rendered":"https:\/\/www.prixdelausanne.org\/become-a-partner\/"},"modified":"2022-10-26T10:42:45","modified_gmt":"2022-10-26T08:42:45","slug":"become-a-partner","status":"publish","type":"page","link":"https:\/\/www.prixdelausanne.org\/fr\/become-a-partner\/","title":{"rendered":"Devenir partenaire"},"content":{"rendered":"<div class=\"the-content\"><p>L&#8217;objectif du Prix de Lausanne est d&#8217;aider de jeunes danseurs talentueux \u00e0 d\u00e9marrer leur carri\u00e8re professionnelle. Les laur\u00e9ats du concours re\u00e7oivent des bourses qui leur permettent de compl\u00e9ter leur formation pendant un an dans l&#8217;une des \u00e9coles ou compagnies de danse professionnelles partenaires du Prix de Lausanne.<\/p>\n<ul>\n<li>Si vous souhaitez offrir votre soutien \u00e0 un candidat ou \u00e0 notre organisation ou discuter de la mise en place d&#8217;un partenariat sur mesure, veuillez contacter notre <a href=\"javascript:secureDecryptAndNavigate(&#039;PrtNl0ZUiS+QjgH8SCVrEhGMPlMQtAHqJtnShZa4SiG1Uv2hND4n7Usuc9c554qKYfSbCTN4Hjm1nnwGdVLuNQgFX7mN3i3lnNhHJjHFvb8Bv3HvFAvDfmnz8Ph2sZH1PoEkWBe4TcYSdU\/GMnwNF4n93A==&#039;, &#039;b48028d5d4d146086128ac7b8ba24bf639fadcc7c58b9fb2f272c4ebeedfda6d&#039;)\" data-wpel-link=\"internal\">\u00e9quipe Fundraising<\/a>.<\/li>\n<li>Notez qu&#8217;il est \u00e9galement possible de financer des projets sp\u00e9cifiques, tels que la diffusion en direct du concours, notre podcast d&#8217;initi\u00e9s ou des projets de danse locaux.<\/li>\n<li>Si vous souhaitez nous soutenir tout en b\u00e9n\u00e9ficiant d&#8217;avantages r\u00e9serv\u00e9s aux initi\u00e9s, vous pouvez envisager de rejoindre notre <a href=\"https:\/\/www.prixdelausanne.org\/fr\/circle-of-friends\/\" target=\"_blank\" rel=\"noopener\" data-wpel-link=\"internal\">Cercle d&#8217;amis<\/a> ou notre Club &#8220;<a href=\"https:\/\/www.prixdelausanne.org\/fr\/jeunes-amis\/\" target=\"_blank\" rel=\"noopener\" data-wpel-link=\"internal\">Jeunes Amis<\/a>&#8221; !<\/li>\n<\/ul>\n<\/div>","protected":false},"excerpt":{"rendered":"<p>L&#8217;objectif du Prix de Lausanne est d&#8217;aider de jeunes danseurs talentueux \u00e0 d\u00e9marrer leur carri\u00e8re professionnelle. Les laur\u00e9ats du concours re\u00e7oivent des bourses qui leur permettent de compl\u00e9ter leur formation pendant un an dans l&#8217;une des \u00e9coles ou compagnies de danse professionnelles partenaires du Prix de Lausanne. Si vous souhaitez offrir votre soutien \u00e0 un [&hellip;]<\/p>\n","protected":false},"author":7508,"featured_media":0,"parent":0,"menu_order":0,"comment_status":"closed","ping_status":"closed","template":"","meta":{"_acf_changed":false,"_monsterinsights_skip_tracking":false,"_monsterinsights_sitenote_active":false,"_monsterinsights_sitenote_note":"","_monsterinsights_sitenote_category":0,"footnotes":""},"class_list":["post-48029","page","type-page","status-publish","hentry"],"acf":[],"_links":{"self":[{"href":"https:\/\/www.prixdelausanne.org\/fr\/wp-json\/wp\/v2\/pages\/48029","targetHints":{"allow":["GET"]}}],"collection":[{"href":"https:\/\/www.prixdelausanne.org\/fr\/wp-json\/wp\/v2\/pages"}],"about":[{"href":"https:\/\/www.prixdelausanne.org\/fr\/wp-json\/wp\/v2\/types\/page"}],"author":[{"embeddable":true,"href":"https:\/\/www.prixdelausanne.org\/fr\/wp-json\/wp\/v2\/users\/7508"}],"replies":[{"embeddable":true,"href":"https:\/\/www.prixdelausanne.org\/fr\/wp-json\/wp\/v2\/comments?post=48029"}],"version-history":[{"count":0,"href":"https:\/\/www.prixdelausanne.org\/fr\/wp-json\/wp\/v2\/pages\/48029\/revisions"}],"wp:attachment":[{"href":"https:\/\/www.prixdelausanne.org\/fr\/wp-json\/wp\/v2\/media?parent=48029"}],"curies":[{"name":"wp","href":"https:\/\/api.w.org\/{rel}","templated":true}]}}