 {"id":47284,"date":"2022-10-05T08:50:20","date_gmt":"2022-10-05T06:50:20","guid":{"rendered":"https:\/\/www.prixdelausanne.org\/newsletter\/"},"modified":"2025-08-26T10:27:15","modified_gmt":"2025-08-26T08:27:15","slug":"newsletter","status":"publish","type":"page","link":"https:\/\/www.prixdelausanne.org\/fr\/newsletter\/","title":{"rendered":"Newsletter"},"content":{"rendered":"<div class=\"the-content\"><p><sup>Remarque : Vous vous inscrivez \u00e0 la newsletter en fran\u00e7ais. Pour vous inscrire \u00e0 la newsletter en anglais, veuillez mettre la page en anglais.<\/sup><br \/>\n<sup>Please note: You are signing up for the newsletter in French.To subscribe to the English version, please switch the page to English.<\/sup><\/p>\n<\/div>","protected":false},"excerpt":{"rendered":"<p>Remarque : Vous vous inscrivez \u00e0 la newsletter en fran\u00e7ais. Pour vous inscrire \u00e0 la newsletter en anglais, veuillez mettre la page en anglais. Please note: You are signing up for the newsletter in French.To subscribe to the English version, please switch the page to English.<\/p>\n","protected":false},"author":5446,"featured_media":0,"parent":0,"menu_order":0,"comment_status":"closed","ping_status":"closed","template":"page-newsletter.php","meta":{"_acf_changed":false,"_monsterinsights_skip_tracking":false,"_monsterinsights_sitenote_active":false,"_monsterinsights_sitenote_note":"","_monsterinsights_sitenote_category":0,"footnotes":""},"class_list":["post-47284","page","type-page","status-publish","hentry"],"acf":[],"_links":{"self":[{"href":"https:\/\/www.prixdelausanne.org\/fr\/wp-json\/wp\/v2\/pages\/47284","targetHints":{"allow":["GET"]}}],"collection":[{"href":"https:\/\/www.prixdelausanne.org\/fr\/wp-json\/wp\/v2\/pages"}],"about":[{"href":"https:\/\/www.prixdelausanne.org\/fr\/wp-json\/wp\/v2\/types\/page"}],"author":[{"embeddable":true,"href":"https:\/\/www.prixdelausanne.org\/fr\/wp-json\/wp\/v2\/users\/5446"}],"replies":[{"embeddable":true,"href":"https:\/\/www.prixdelausanne.org\/fr\/wp-json\/wp\/v2\/comments?post=47284"}],"version-history":[{"count":0,"href":"https:\/\/www.prixdelausanne.org\/fr\/wp-json\/wp\/v2\/pages\/47284\/revisions"}],"wp:attachment":[{"href":"https:\/\/www.prixdelausanne.org\/fr\/wp-json\/wp\/v2\/media?parent=47284"}],"curies":[{"name":"wp","href":"https:\/\/api.w.org\/{rel}","templated":true}]}}