 {"id":46871,"date":"2022-09-26T10:04:53","date_gmt":"2022-09-26T08:04:53","guid":{"rendered":"https:\/\/www.prixdelausanne.org\/?page_id=46871"},"modified":"2022-11-03T16:42:31","modified_gmt":"2022-11-03T15:42:31","slug":"episode-1","status":"publish","type":"page","link":"https:\/\/www.prixdelausanne.org\/fr\/podcast\/episode-1\/","title":{"rendered":"\u00c9pisode 1"},"content":{"rendered":"<div class=\"the-content\"><h4>Comment \u00eatre s\u00e9lectionn\u00e9 pour le Prix de Lausanne avec Kathryn Bradney<\/h4>\n<\/div>","protected":false},"excerpt":{"rendered":"<p>Comment \u00eatre s\u00e9lectionn\u00e9 pour le Prix de Lausanne avec Kathryn Bradney<\/p>\n","protected":false},"author":7508,"featured_media":0,"parent":47063,"menu_order":0,"comment_status":"closed","ping_status":"closed","template":"","meta":{"_acf_changed":false,"_monsterinsights_skip_tracking":false,"_monsterinsights_sitenote_active":false,"_monsterinsights_sitenote_note":"","_monsterinsights_sitenote_category":0,"footnotes":""},"class_list":["post-46871","page","type-page","status-publish","hentry"],"acf":[],"_links":{"self":[{"href":"https:\/\/www.prixdelausanne.org\/fr\/wp-json\/wp\/v2\/pages\/46871","targetHints":{"allow":["GET"]}}],"collection":[{"href":"https:\/\/www.prixdelausanne.org\/fr\/wp-json\/wp\/v2\/pages"}],"about":[{"href":"https:\/\/www.prixdelausanne.org\/fr\/wp-json\/wp\/v2\/types\/page"}],"author":[{"embeddable":true,"href":"https:\/\/www.prixdelausanne.org\/fr\/wp-json\/wp\/v2\/users\/7508"}],"replies":[{"embeddable":true,"href":"https:\/\/www.prixdelausanne.org\/fr\/wp-json\/wp\/v2\/comments?post=46871"}],"version-history":[{"count":0,"href":"https:\/\/www.prixdelausanne.org\/fr\/wp-json\/wp\/v2\/pages\/46871\/revisions"}],"up":[{"embeddable":true,"href":"https:\/\/www.prixdelausanne.org\/fr\/wp-json\/wp\/v2\/pages\/47063"}],"wp:attachment":[{"href":"https:\/\/www.prixdelausanne.org\/fr\/wp-json\/wp\/v2\/media?parent=46871"}],"curies":[{"name":"wp","href":"https:\/\/api.w.org\/{rel}","templated":true}]}}