 {"id":46037,"date":"2022-07-04T15:49:28","date_gmt":"2022-07-04T13:49:28","guid":{"rendered":"https:\/\/www.prixdelausanne.org\/japan-preselection\/"},"modified":"2023-06-05T16:39:36","modified_gmt":"2023-06-05T14:39:36","slug":"japan-preselection","status":"publish","type":"page","link":"https:\/\/www.prixdelausanne.org\/fr\/japan-preselection\/","title":{"rendered":"Pr\u00e9s\u00e9lection Japon"},"content":{"rendered":"<div class=\"the-content\"><h4><span style=\"color: #c9ad6f;\"><strong>Le Prix de Lausanne a le regret d&#8217;annoncer qu&#8217;il n&#8217;y aura pas de vid\u00e9o s\u00e9lections au Japon pour l&#8217;\u00e9dition 2024 du concours, nous encourageons cependant les danseuses et danseurs \u00e0 s\u2019inscrire au concours principal.\u00a0<\/strong><\/span><\/h4>\n<\/div>","protected":false},"excerpt":{"rendered":"<p>Le Prix de Lausanne a le regret d&#8217;annoncer qu&#8217;il n&#8217;y aura pas de vid\u00e9o s\u00e9lections au Japon pour l&#8217;\u00e9dition 2024 du concours, nous encourageons cependant les danseuses et danseurs \u00e0 s\u2019inscrire au concours principal.\u00a0<\/p>\n","protected":false},"author":7512,"featured_media":0,"parent":0,"menu_order":4,"comment_status":"closed","ping_status":"closed","template":"","meta":{"_acf_changed":false,"_monsterinsights_skip_tracking":false,"_monsterinsights_sitenote_active":false,"_monsterinsights_sitenote_note":"","_monsterinsights_sitenote_category":0,"footnotes":""},"class_list":["post-46037","page","type-page","status-publish","hentry"],"acf":[],"_links":{"self":[{"href":"https:\/\/www.prixdelausanne.org\/fr\/wp-json\/wp\/v2\/pages\/46037","targetHints":{"allow":["GET"]}}],"collection":[{"href":"https:\/\/www.prixdelausanne.org\/fr\/wp-json\/wp\/v2\/pages"}],"about":[{"href":"https:\/\/www.prixdelausanne.org\/fr\/wp-json\/wp\/v2\/types\/page"}],"author":[{"embeddable":true,"href":"https:\/\/www.prixdelausanne.org\/fr\/wp-json\/wp\/v2\/users\/7512"}],"replies":[{"embeddable":true,"href":"https:\/\/www.prixdelausanne.org\/fr\/wp-json\/wp\/v2\/comments?post=46037"}],"version-history":[{"count":0,"href":"https:\/\/www.prixdelausanne.org\/fr\/wp-json\/wp\/v2\/pages\/46037\/revisions"}],"wp:attachment":[{"href":"https:\/\/www.prixdelausanne.org\/fr\/wp-json\/wp\/v2\/media?parent=46037"}],"curies":[{"name":"wp","href":"https:\/\/api.w.org\/{rel}","templated":true}]}}