 {"id":45660,"date":"2022-07-04T15:50:02","date_gmt":"2022-07-04T13:50:02","guid":{"rendered":"https:\/\/www.prixdelausanne.org\/young-creation-award-2\/"},"modified":"2026-03-17T15:25:26","modified_gmt":"2026-03-17T14:25:26","slug":"young-creation-award-2","status":"publish","type":"page","link":"https:\/\/www.prixdelausanne.org\/fr\/young-creation-award-2\/","title":{"rendered":"Young Creation Award"},"content":{"rendered":"<div class=\"the-content\"><p data-start=\"65\" data-end=\"201\"><strong data-start=\"65\" data-end=\"201\">Le Young Creation Award 2025 se d\u00e9roulera du 3 au 8 f\u00e9vrier 2026, en parall\u00e8le \u00e0 la semaine de concours du Prix de Lausanne.<\/strong><\/p>\n<p data-start=\"203\" data-end=\"590\">Avec ce concours destin\u00e9 \u00e0 de jeunes chor\u00e9graphes talentueux issus de ses <strong><span style=\"color: #c9ad6f;\"><a style=\"color: #c9ad6f;\" href=\"https:\/\/www.prixdelausanne.org\/partners\/\" target=\"_blank\" rel=\"noopener nofollow external noreferrer\" data-wpel-link=\"external\">\u00e9coles partenaires<\/a><\/span><\/strong>, le Prix de Lausanne souhaite affirmer son statut unique de pr\u00e9curseur dans le monde de la danse. Lanc\u00e9 en 2021, ce concours in\u00e9dit en Europe met en valeur la cr\u00e9ation contemporaine et les jeunes chor\u00e9graphes \u00e9mergents, en leur offrant une v\u00e9ritable plateforme de d\u00e9veloppement professionnel.<\/p>\n<\/div>","protected":false},"excerpt":{"rendered":"<p>Le Young Creation Award 2025 se d\u00e9roulera du 3 au 8 f\u00e9vrier 2026, en parall\u00e8le \u00e0 la semaine de concours du Prix de Lausanne. Avec ce concours destin\u00e9 \u00e0 de jeunes chor\u00e9graphes talentueux issus de ses \u00e9coles partenaires, le Prix de Lausanne souhaite affirmer son statut unique de pr\u00e9curseur dans le monde de la danse. [&hellip;]<\/p>\n","protected":false},"author":7512,"featured_media":0,"parent":0,"menu_order":4,"comment_status":"closed","ping_status":"closed","template":"","meta":{"_acf_changed":false,"_monsterinsights_skip_tracking":false,"_monsterinsights_sitenote_active":false,"_monsterinsights_sitenote_note":"","_monsterinsights_sitenote_category":0,"footnotes":""},"class_list":["post-45660","page","type-page","status-publish","hentry"],"acf":[],"_links":{"self":[{"href":"https:\/\/www.prixdelausanne.org\/fr\/wp-json\/wp\/v2\/pages\/45660","targetHints":{"allow":["GET"]}}],"collection":[{"href":"https:\/\/www.prixdelausanne.org\/fr\/wp-json\/wp\/v2\/pages"}],"about":[{"href":"https:\/\/www.prixdelausanne.org\/fr\/wp-json\/wp\/v2\/types\/page"}],"author":[{"embeddable":true,"href":"https:\/\/www.prixdelausanne.org\/fr\/wp-json\/wp\/v2\/users\/7512"}],"replies":[{"embeddable":true,"href":"https:\/\/www.prixdelausanne.org\/fr\/wp-json\/wp\/v2\/comments?post=45660"}],"version-history":[{"count":0,"href":"https:\/\/www.prixdelausanne.org\/fr\/wp-json\/wp\/v2\/pages\/45660\/revisions"}],"wp:attachment":[{"href":"https:\/\/www.prixdelausanne.org\/fr\/wp-json\/wp\/v2\/media?parent=45660"}],"curies":[{"name":"wp","href":"https:\/\/api.w.org\/{rel}","templated":true}]}}