 {"id":45658,"date":"2022-06-29T13:21:32","date_gmt":"2022-06-29T11:21:32","guid":{"rendered":"https:\/\/www.prixdelausanne.org\/who-we-are\/"},"modified":"2026-04-14T08:35:45","modified_gmt":"2026-04-14T06:35:45","slug":"who-we-are","status":"publish","type":"page","link":"https:\/\/www.prixdelausanne.org\/fr\/who-we-are\/","title":{"rendered":"\u00c0 propos de nous"},"content":{"rendered":"<div class=\"the-content\"><h4><span style=\"color: #c9ad6f;\">D\u00e9couvrez les personnes qui font le Prix de Lausanne aujourd&#8217;hui, de son \u00e9quipe administrative \u00e0 son Conseil de Fondation !<\/span><\/h4>\n<\/div>","protected":false},"excerpt":{"rendered":"<p>D\u00e9couvrez les personnes qui font le Prix de Lausanne aujourd&#8217;hui, de son \u00e9quipe administrative \u00e0 son Conseil de Fondation !<\/p>\n","protected":false},"author":7512,"featured_media":0,"parent":0,"menu_order":0,"comment_status":"closed","ping_status":"closed","template":"","meta":{"_acf_changed":false,"_monsterinsights_skip_tracking":false,"_monsterinsights_sitenote_active":false,"_monsterinsights_sitenote_note":"","_monsterinsights_sitenote_category":0,"footnotes":""},"class_list":["post-45658","page","type-page","status-publish","hentry"],"acf":[],"_links":{"self":[{"href":"https:\/\/www.prixdelausanne.org\/fr\/wp-json\/wp\/v2\/pages\/45658","targetHints":{"allow":["GET"]}}],"collection":[{"href":"https:\/\/www.prixdelausanne.org\/fr\/wp-json\/wp\/v2\/pages"}],"about":[{"href":"https:\/\/www.prixdelausanne.org\/fr\/wp-json\/wp\/v2\/types\/page"}],"author":[{"embeddable":true,"href":"https:\/\/www.prixdelausanne.org\/fr\/wp-json\/wp\/v2\/users\/7512"}],"replies":[{"embeddable":true,"href":"https:\/\/www.prixdelausanne.org\/fr\/wp-json\/wp\/v2\/comments?post=45658"}],"version-history":[{"count":1,"href":"https:\/\/www.prixdelausanne.org\/fr\/wp-json\/wp\/v2\/pages\/45658\/revisions"}],"predecessor-version":[{"id":90297,"href":"https:\/\/www.prixdelausanne.org\/fr\/wp-json\/wp\/v2\/pages\/45658\/revisions\/90297"}],"wp:attachment":[{"href":"https:\/\/www.prixdelausanne.org\/fr\/wp-json\/wp\/v2\/media?parent=45658"}],"curies":[{"name":"wp","href":"https:\/\/api.w.org\/{rel}","templated":true}]}}