 {"id":45652,"date":"2022-07-04T15:24:03","date_gmt":"2022-07-04T13:24:03","guid":{"rendered":"https:\/\/www.prixdelausanne.org\/swiss-workshop-2\/"},"modified":"2026-04-08T10:15:45","modified_gmt":"2026-04-08T08:15:45","slug":"swiss-workshop-2","status":"publish","type":"page","link":"https:\/\/www.prixdelausanne.org\/fr\/swiss-workshop-2\/","title":{"rendered":"Swiss Workshop"},"content":{"rendered":"<div class=\"the-content\"><h3><span style=\"color: #c9ad6f;\">Nous nous r\u00e9jouissons de vous retrouver le 3 mai 2026 pour le prochain Swiss Workshop du Prix de Lausanne<\/span><\/h3>\n<p>Le Swiss Workshop a pour vocation <strong>d\u2019encourager les jeunes danseurs suisses<\/strong> \u00e0 envisager une future participation au Prix de Lausanne ainsi qu\u2019une carri\u00e8re professionnelle dans la danse. En \u0153uvrant <strong>pour la promotion du ballet<\/strong>, en particulier, et de la danse en g\u00e9n\u00e9ral en Suisse au plus haut niveau, le Prix de Lausanne entend inspirer et soutenir les nouvelles g\u00e9n\u00e9rations. Ouvert aux \u00e9l\u00e8ves danseurs de niveau interm\u00e9diaire et avanc\u00e9, cet atelier gratuit leur offre une occasion privil\u00e9gi\u00e9e de s\u2019entra\u00eener aupr\u00e8s de professeurs de renomm\u00e9e internationale.<\/p>\n<p><strong>Inscrivez-vous \u00e0 la <a href=\"https:\/\/www.prixdelausanne.org\/fr\/newsletter\/\" data-wpel-link=\"internal\">newsletter<\/a> pour ne manquer aucune information.\u00a0<\/strong><\/p>\n<\/div>","protected":false},"excerpt":{"rendered":"<p>Nous nous r\u00e9jouissons de vous retrouver le 3 mai 2026 pour le prochain Swiss Workshop du Prix de Lausanne Le Swiss Workshop a pour vocation d\u2019encourager les jeunes danseurs suisses \u00e0 envisager une future participation au Prix de Lausanne ainsi qu\u2019une carri\u00e8re professionnelle dans la danse. En \u0153uvrant pour la promotion du ballet, en particulier, [&hellip;]<\/p>\n","protected":false},"author":7512,"featured_media":0,"parent":0,"menu_order":1,"comment_status":"closed","ping_status":"closed","template":"","meta":{"_acf_changed":false,"_monsterinsights_skip_tracking":false,"_monsterinsights_sitenote_active":false,"_monsterinsights_sitenote_note":"","_monsterinsights_sitenote_category":0,"footnotes":""},"class_list":["post-45652","page","type-page","status-publish","hentry"],"acf":[],"_links":{"self":[{"href":"https:\/\/www.prixdelausanne.org\/fr\/wp-json\/wp\/v2\/pages\/45652","targetHints":{"allow":["GET"]}}],"collection":[{"href":"https:\/\/www.prixdelausanne.org\/fr\/wp-json\/wp\/v2\/pages"}],"about":[{"href":"https:\/\/www.prixdelausanne.org\/fr\/wp-json\/wp\/v2\/types\/page"}],"author":[{"embeddable":true,"href":"https:\/\/www.prixdelausanne.org\/fr\/wp-json\/wp\/v2\/users\/7512"}],"replies":[{"embeddable":true,"href":"https:\/\/www.prixdelausanne.org\/fr\/wp-json\/wp\/v2\/comments?post=45652"}],"version-history":[{"count":3,"href":"https:\/\/www.prixdelausanne.org\/fr\/wp-json\/wp\/v2\/pages\/45652\/revisions"}],"predecessor-version":[{"id":90244,"href":"https:\/\/www.prixdelausanne.org\/fr\/wp-json\/wp\/v2\/pages\/45652\/revisions\/90244"}],"wp:attachment":[{"href":"https:\/\/www.prixdelausanne.org\/fr\/wp-json\/wp\/v2\/media?parent=45652"}],"curies":[{"name":"wp","href":"https:\/\/api.w.org\/{rel}","templated":true}]}}