 {"id":45650,"date":"2022-07-04T14:35:35","date_gmt":"2022-07-04T12:35:35","guid":{"rendered":"https:\/\/www.prixdelausanne.org\/summer-intensive\/"},"modified":"2026-03-15T12:18:10","modified_gmt":"2026-03-15T11:18:10","slug":"summer-intensive","status":"publish","type":"page","link":"https:\/\/www.prixdelausanne.org\/fr\/summer-intensive\/","title":{"rendered":"Stage d&#8217;\u00e9t\u00e9 \u2013 Pr\u00e9s\u00e9lection internationale"},"content":{"rendered":"<div class=\"the-content\"><h2><span style=\"color: #c9ad6f;\">D\u00e9couvrir. S&#8217;entra\u00eener. Appartenir.<\/span><\/h2>\n<p>&nbsp;<\/p>\n<p class=\"font-claude-response-body break-words whitespace-normal leading-[1.7]\">Le <span style=\"color: #c9ad6f;\"><strong>Stage d&#8217;\u00e9t\u00e9 \u2013 Pr\u00e9selection Internationale<\/strong><\/span> est un programme d&#8217;exception cr\u00e9\u00e9 par le Prix de Lausanne pour les jeunes danseurs et danseuses les plus prometteurs de demain. Organis\u00e9 chaque juillet au mythique Th\u00e9\u00e2tre de Beaulieu \u00e0 Lausanne, en Suisse, il offre une opportunit\u00e9 rare de se former au plus haut niveau \u2014 et, pour quelques \u00e9lus, de d\u00e9crocher une place tant convoit\u00e9e au concours du Prix de Lausanne.<\/p>\n<p class=\"font-claude-response-body break-words whitespace-normal leading-[1.7]\">Au fil d&#8217;une semaine immersive, les participants prennent part \u00e0 des cours intensifs et \u00e0 des sessions de coaching personnalis\u00e9es, encadr\u00e9s par des professeurs de renomm\u00e9e mondiale et des personnalit\u00e9s artistiques issues du milieu du ballet international. Bien plus qu&#8217;un stage, c&#8217;est un premier pas vers la sc\u00e8ne internationale.<\/p>\n<p class=\"font-claude-response-body break-words whitespace-normal leading-[1.7]\"><strong>Le Stage d&#8217;\u00e9t\u00e9 2026 se tiendra du 6 au 11 juillet 2026.<\/strong> Les inscriptions sont ouvertes du <strong>15 mars au 15 avril 2026<\/strong>.<\/p>\n<p class=\"font-claude-response-body break-words whitespace-normal leading-[1.7]\">Ne manquez pas cette chance \u2014 abonnez-vous \u00e0 notre <a href=\"https:\/\/www.prixdelausanne.org\/fr\/newsletter\/\" target=\"_blank\" rel=\"noopener\" data-wpel-link=\"internal\"><strong><span style=\"color: #c9ad6f;\">newsletter<\/span><\/strong><\/a> pour recevoir toutes les derni\u00e8res actualit\u00e9s et annonces.<\/p>\n<\/div>","protected":false},"excerpt":{"rendered":"<p>D\u00e9couvrir. S&#8217;entra\u00eener. Appartenir. &nbsp; Le Stage d&#8217;\u00e9t\u00e9 \u2013 Pr\u00e9selection Internationale est un programme d&#8217;exception cr\u00e9\u00e9 par le Prix de Lausanne pour les jeunes danseurs et danseuses les plus prometteurs de demain. Organis\u00e9 chaque juillet au mythique Th\u00e9\u00e2tre de Beaulieu \u00e0 Lausanne, en Suisse, il offre une opportunit\u00e9 rare de se former au plus haut niveau [&hellip;]<\/p>\n","protected":false},"author":7512,"featured_media":0,"parent":0,"menu_order":0,"comment_status":"closed","ping_status":"closed","template":"","meta":{"_acf_changed":false,"_monsterinsights_skip_tracking":false,"_monsterinsights_sitenote_active":false,"_monsterinsights_sitenote_note":"","_monsterinsights_sitenote_category":0,"footnotes":""},"class_list":["post-45650","page","type-page","status-publish","hentry"],"acf":[],"_links":{"self":[{"href":"https:\/\/www.prixdelausanne.org\/fr\/wp-json\/wp\/v2\/pages\/45650","targetHints":{"allow":["GET"]}}],"collection":[{"href":"https:\/\/www.prixdelausanne.org\/fr\/wp-json\/wp\/v2\/pages"}],"about":[{"href":"https:\/\/www.prixdelausanne.org\/fr\/wp-json\/wp\/v2\/types\/page"}],"author":[{"embeddable":true,"href":"https:\/\/www.prixdelausanne.org\/fr\/wp-json\/wp\/v2\/users\/7512"}],"replies":[{"embeddable":true,"href":"https:\/\/www.prixdelausanne.org\/fr\/wp-json\/wp\/v2\/comments?post=45650"}],"version-history":[{"count":0,"href":"https:\/\/www.prixdelausanne.org\/fr\/wp-json\/wp\/v2\/pages\/45650\/revisions"}],"wp:attachment":[{"href":"https:\/\/www.prixdelausanne.org\/fr\/wp-json\/wp\/v2\/media?parent=45650"}],"curies":[{"name":"wp","href":"https:\/\/api.w.org\/{rel}","templated":true}]}}