 {"id":45648,"date":"2022-06-30T15:07:29","date_gmt":"2022-06-30T13:07:29","guid":{"rendered":"https:\/\/www.prixdelausanne.org\/scholarships-and-awards\/"},"modified":"2026-02-02T15:51:04","modified_gmt":"2026-02-02T14:51:04","slug":"scholarships-and-awards","status":"publish","type":"page","link":"https:\/\/www.prixdelausanne.org\/fr\/scholarships-and-awards\/","title":{"rendered":"Bourses et prix"},"content":{"rendered":"<div class=\"the-content\"><p><strong>Il est bien connu que le Prix de Lausanne offre aux jeunes talents de la danse des opportunit\u00e9s de carri\u00e8re uniques. Celles-ci d\u00e9coulent des bourses d&#8217;\u00e9colage et d&#8217;apprentissage d\u00e9cern\u00e9es chaque ann\u00e9e \u00e0 jusqu&#8217;\u00e0 9 jeunes danseurs et danseuses, leur permettant ainsi de poursuivre leur formation ou leur carri\u00e8re dans l&#8217;une de leurs institutions de r\u00eave parmi notre vaste r\u00e9seau d&#8217;\u00c9coles et de Compagnies Partenaires !<br \/>\n<\/strong><\/p>\n<p>Sur cette page, vous pourrez trouver tout le d\u00e9tail sur ces opportunit\u00e9s uniques ainsi que sur les diff\u00e9rents prix, bourses et distinctions que nous offrons chaque ann\u00e9e.<\/p>\n<\/div>","protected":false},"excerpt":{"rendered":"<p>Il est bien connu que le Prix de Lausanne offre aux jeunes talents de la danse des opportunit\u00e9s de carri\u00e8re uniques. Celles-ci d\u00e9coulent des bourses d&#8217;\u00e9colage et d&#8217;apprentissage d\u00e9cern\u00e9es chaque ann\u00e9e \u00e0 jusqu&#8217;\u00e0 9 jeunes danseurs et danseuses, leur permettant ainsi de poursuivre leur formation ou leur carri\u00e8re dans l&#8217;une de leurs institutions de r\u00eave [&hellip;]<\/p>\n","protected":false},"author":7512,"featured_media":0,"parent":0,"menu_order":2,"comment_status":"closed","ping_status":"closed","template":"","meta":{"_acf_changed":false,"_monsterinsights_skip_tracking":false,"_monsterinsights_sitenote_active":false,"_monsterinsights_sitenote_note":"","_monsterinsights_sitenote_category":0,"footnotes":""},"class_list":["post-45648","page","type-page","status-publish","hentry"],"acf":[],"_links":{"self":[{"href":"https:\/\/www.prixdelausanne.org\/fr\/wp-json\/wp\/v2\/pages\/45648","targetHints":{"allow":["GET"]}}],"collection":[{"href":"https:\/\/www.prixdelausanne.org\/fr\/wp-json\/wp\/v2\/pages"}],"about":[{"href":"https:\/\/www.prixdelausanne.org\/fr\/wp-json\/wp\/v2\/types\/page"}],"author":[{"embeddable":true,"href":"https:\/\/www.prixdelausanne.org\/fr\/wp-json\/wp\/v2\/users\/7512"}],"replies":[{"embeddable":true,"href":"https:\/\/www.prixdelausanne.org\/fr\/wp-json\/wp\/v2\/comments?post=45648"}],"version-history":[{"count":0,"href":"https:\/\/www.prixdelausanne.org\/fr\/wp-json\/wp\/v2\/pages\/45648\/revisions"}],"wp:attachment":[{"href":"https:\/\/www.prixdelausanne.org\/fr\/wp-json\/wp\/v2\/media?parent=45648"}],"curies":[{"name":"wp","href":"https:\/\/api.w.org\/{rel}","templated":true}]}}