 {"id":45642,"date":"2022-06-29T15:23:22","date_gmt":"2022-06-29T13:23:22","guid":{"rendered":"https:\/\/www.prixdelausanne.org\/press-releases\/"},"modified":"2025-02-09T13:55:56","modified_gmt":"2025-02-09T12:55:56","slug":"press-releases","status":"publish","type":"page","link":"https:\/\/www.prixdelausanne.org\/fr\/press-releases\/","title":{"rendered":"Communiqu\u00e9s de presse"},"content":{"rendered":"<div class=\"the-content\"><p><strong>Communiqu\u00e9s officiels concernant nos pr\u00e9s\u00e9lection et le concours 2025<\/strong><\/p>\n<p>Contact et questions : <a href=\"javascript:secureDecryptAndNavigate(&#039;pB\/f42RFqujvfYxp811KpcFk51dFdf5PpstVNw1JH7fnpgp2qJjnySQG1akKAqMJJpryBEAyRURdosLsscLPvkOa9dsJgIWLjcWrUtFSzg==&#039;, &#039;b48028d5d4d146086128ac7b8ba24bf639fadcc7c58b9fb2f272c4ebeedfda6d&#039;)\" target=\"_blank\" rel=\"noopener\" data-wpel-link=\"internal\">pr&#101;s&#115;&#64;&#112;ri&#120;&#100;el&#97;usa&#110;&#110;&#101;.org<\/a><\/p>\n<p>&nbsp;<\/p>\n<\/div>","protected":false},"excerpt":{"rendered":"<p>Communiqu\u00e9s officiels concernant nos pr\u00e9s\u00e9lection et le concours 2025 Contact et questions : p&#114;&#101;&#115;s&#64;pr&#105;&#120;delausan&#110;e.o&#114;&#103; &nbsp;<\/p>\n","protected":false},"author":7512,"featured_media":0,"parent":0,"menu_order":1,"comment_status":"closed","ping_status":"closed","template":"","meta":{"_acf_changed":false,"_monsterinsights_skip_tracking":false,"_monsterinsights_sitenote_active":false,"_monsterinsights_sitenote_note":"","_monsterinsights_sitenote_category":0,"footnotes":""},"class_list":["post-45642","page","type-page","status-publish","hentry"],"acf":[],"_links":{"self":[{"href":"https:\/\/www.prixdelausanne.org\/fr\/wp-json\/wp\/v2\/pages\/45642","targetHints":{"allow":["GET"]}}],"collection":[{"href":"https:\/\/www.prixdelausanne.org\/fr\/wp-json\/wp\/v2\/pages"}],"about":[{"href":"https:\/\/www.prixdelausanne.org\/fr\/wp-json\/wp\/v2\/types\/page"}],"author":[{"embeddable":true,"href":"https:\/\/www.prixdelausanne.org\/fr\/wp-json\/wp\/v2\/users\/7512"}],"replies":[{"embeddable":true,"href":"https:\/\/www.prixdelausanne.org\/fr\/wp-json\/wp\/v2\/comments?post=45642"}],"version-history":[{"count":0,"href":"https:\/\/www.prixdelausanne.org\/fr\/wp-json\/wp\/v2\/pages\/45642\/revisions"}],"wp:attachment":[{"href":"https:\/\/www.prixdelausanne.org\/fr\/wp-json\/wp\/v2\/media?parent=45642"}],"curies":[{"name":"wp","href":"https:\/\/api.w.org\/{rel}","templated":true}]}}