 {"id":45636,"date":"2022-06-29T11:46:23","date_gmt":"2022-06-29T09:46:23","guid":{"rendered":"https:\/\/www.prixdelausanne.org\/our-history\/"},"modified":"2025-05-21T13:47:40","modified_gmt":"2025-05-21T11:47:40","slug":"our-history","status":"publish","type":"page","link":"https:\/\/www.prixdelausanne.org\/fr\/our-history\/","title":{"rendered":"Notre histoire"},"content":{"rendered":"<div class=\"the-content\"><p><span style=\"color: #c9ad6f;\"><strong>Tout a commenc\u00e9, non pas pr\u00e8s du L\u00e9man, mais au bord d&#8217;une piscine cannoise, au printemps 1972. L\u00e0, Philippe Braunschweig, son \u00e9pouse Elvire et Rosella Hightower s&#8217;enflamment : ils vont lancer, l&#8217;ann\u00e9e suivante et pour la premi\u00e8re fois, un concours pour jeunes danseurs.<\/strong><\/span><\/p>\n<p>Comment doit-il se d\u00e9rouler ? Qui composera le jury ? Dans quelles conditions un jeune danseur peut-il s&#8217;inscrire ?<\/p>\n<p>Le d\u00e9bat est anim\u00e9, riche et fertile. Maurice B\u00e9jart et Rosella Hightower soutiennent d\u00e9j\u00e0 le projet. Aux laur\u00e9ats du futur concours, <strong>ils sont pr\u00eats \u00e0 offrir chacun une bourse dans leur \u00e9cole<\/strong>, soit un an de cours \u00e0 <strong>Mudra Bruxelles<\/strong> ou au <strong>Centre international de danse de Cannes<\/strong>. Mais pour que l&#8217;\u00e9v\u00e9nement soit cr\u00e9dible, il lui faut une troisi\u00e8me r\u00e9f\u00e9rence s\u00e9rieuse&#8230;<\/p>\n<\/div>","protected":false},"excerpt":{"rendered":"<p>Tout a commenc\u00e9, non pas pr\u00e8s du L\u00e9man, mais au bord d&#8217;une piscine cannoise, au printemps 1972. L\u00e0, Philippe Braunschweig, son \u00e9pouse Elvire et Rosella Hightower s&#8217;enflamment : ils vont lancer, l&#8217;ann\u00e9e suivante et pour la premi\u00e8re fois, un concours pour jeunes danseurs. Comment doit-il se d\u00e9rouler ? Qui composera le jury ? Dans quelles [&hellip;]<\/p>\n","protected":false},"author":7512,"featured_media":0,"parent":0,"menu_order":0,"comment_status":"closed","ping_status":"closed","template":"","meta":{"_acf_changed":false,"_monsterinsights_skip_tracking":false,"_monsterinsights_sitenote_active":false,"_monsterinsights_sitenote_note":"","_monsterinsights_sitenote_category":0,"footnotes":""},"class_list":["post-45636","page","type-page","status-publish","hentry"],"acf":[],"_links":{"self":[{"href":"https:\/\/www.prixdelausanne.org\/fr\/wp-json\/wp\/v2\/pages\/45636","targetHints":{"allow":["GET"]}}],"collection":[{"href":"https:\/\/www.prixdelausanne.org\/fr\/wp-json\/wp\/v2\/pages"}],"about":[{"href":"https:\/\/www.prixdelausanne.org\/fr\/wp-json\/wp\/v2\/types\/page"}],"author":[{"embeddable":true,"href":"https:\/\/www.prixdelausanne.org\/fr\/wp-json\/wp\/v2\/users\/7512"}],"replies":[{"embeddable":true,"href":"https:\/\/www.prixdelausanne.org\/fr\/wp-json\/wp\/v2\/comments?post=45636"}],"version-history":[{"count":0,"href":"https:\/\/www.prixdelausanne.org\/fr\/wp-json\/wp\/v2\/pages\/45636\/revisions"}],"wp:attachment":[{"href":"https:\/\/www.prixdelausanne.org\/fr\/wp-json\/wp\/v2\/media?parent=45636"}],"curies":[{"name":"wp","href":"https:\/\/api.w.org\/{rel}","templated":true}]}}