 {"id":45634,"date":"2022-07-04T12:41:26","date_gmt":"2022-07-04T10:41:26","guid":{"rendered":"https:\/\/www.prixdelausanne.org\/networking-forum-2\/"},"modified":"2026-01-29T17:49:33","modified_gmt":"2026-01-29T16:49:33","slug":"networking-forum-2","status":"publish","type":"page","link":"https:\/\/www.prixdelausanne.org\/fr\/networking-forum-2\/","title":{"rendered":"Networking Forum"},"content":{"rendered":"<div class=\"the-content\"><h2><span style=\"color: #c9ad6f;\">Le Networking Forum : un tremplin pour les candidats<br \/>\n<\/span><\/h2>\n<h4>Le Networking Forum permet aux candidats non laur\u00e9ats d&#8217;\u00eatre vus par des directeurs d&#8217;\u00e9coles ou de compagnies du monde entier pendant toute la semaine du concours.<\/h4>\n<p>\u00c0 la suite d&#8217;une audition sous forme de classe ouverte, des entretiens sont organis\u00e9s entre les candidats non-finalistes et les directeurs int\u00e9ress\u00e9s \u00e0 leur proposer une offre de formation ou d&#8217;engagement. Pour faciliter ce processus, une application num\u00e9rique a \u00e9t\u00e9 d\u00e9velopp\u00e9e par Shapeless Design Studio. Des rencontres sont \u00e9galement pr\u00e9vues pour les Finalistes afin de leur proposer d\u2019\u00e9ventuelles opportunit\u00e9s.<\/p>\n<p>Gr\u00e2ce au Networking Forum, le Prix de Lausanne s\u2019affirme comme un v\u00e9ritable tremplin pour tous les danseurs et danseuses participant au concours.<\/p>\n<p><b><span lang=\"EN-GB\">Le Networking Forum de l\u2019\u00e9dition 2025 en quelques chiffres :<\/span><\/b><\/p>\n<ul>\n<li><span lang=\"EN-GB\"><b><span lang=\"EN-US\">38<\/span><\/b><span lang=\"EN-US\">\u00a0\u00e9coles et companies partenaires ont fait des offres potentielles;<\/span><\/span><\/li>\n<li class=\"xmsolistparagraph\"><span lang=\"EN-GB\">Tous les participants du Networking Forum\u00a0ont re\u00e7u au moins 1 offre, certains\u00a0<strong>jusqu\u2019\u00e0<\/strong>\u00a0<strong>15 offres;<\/strong><\/span><\/li>\n<li class=\"xmsolistparagraph\">Un total de\u00a0<strong>302 offres potentielles<\/strong>\u00a0ont \u00e9t\u00e9 faites jusqu\u2019\u00e0 pr\u00e9sent, dont\u00a0<strong>224 au total \u00e0 des non-Finalistes.<\/strong><\/li>\n<\/ul>\n<\/div>","protected":false},"excerpt":{"rendered":"<p>Le Networking Forum : un tremplin pour les candidats Le Networking Forum permet aux candidats non laur\u00e9ats d&#8217;\u00eatre vus par des directeurs d&#8217;\u00e9coles ou de compagnies du monde entier pendant toute la semaine du concours. \u00c0 la suite d&#8217;une audition sous forme de classe ouverte, des entretiens sont organis\u00e9s entre les candidats non-finalistes et les [&hellip;]<\/p>\n","protected":false},"author":7512,"featured_media":0,"parent":0,"menu_order":0,"comment_status":"closed","ping_status":"closed","template":"","meta":{"_acf_changed":false,"_monsterinsights_skip_tracking":false,"_monsterinsights_sitenote_active":false,"_monsterinsights_sitenote_note":"","_monsterinsights_sitenote_category":0,"footnotes":""},"class_list":["post-45634","page","type-page","status-publish","hentry"],"acf":[],"_links":{"self":[{"href":"https:\/\/www.prixdelausanne.org\/fr\/wp-json\/wp\/v2\/pages\/45634","targetHints":{"allow":["GET"]}}],"collection":[{"href":"https:\/\/www.prixdelausanne.org\/fr\/wp-json\/wp\/v2\/pages"}],"about":[{"href":"https:\/\/www.prixdelausanne.org\/fr\/wp-json\/wp\/v2\/types\/page"}],"author":[{"embeddable":true,"href":"https:\/\/www.prixdelausanne.org\/fr\/wp-json\/wp\/v2\/users\/7512"}],"replies":[{"embeddable":true,"href":"https:\/\/www.prixdelausanne.org\/fr\/wp-json\/wp\/v2\/comments?post=45634"}],"version-history":[{"count":0,"href":"https:\/\/www.prixdelausanne.org\/fr\/wp-json\/wp\/v2\/pages\/45634\/revisions"}],"wp:attachment":[{"href":"https:\/\/www.prixdelausanne.org\/fr\/wp-json\/wp\/v2\/media?parent=45634"}],"curies":[{"name":"wp","href":"https:\/\/api.w.org\/{rel}","templated":true}]}}