 {"id":45585,"date":"2022-06-30T10:10:04","date_gmt":"2022-06-30T08:10:04","guid":{"rendered":"https:\/\/www.prixdelausanne.org\/live-streaming-2\/"},"modified":"2026-04-22T15:01:48","modified_gmt":"2026-04-22T13:01:48","slug":"live-streaming-2","status":"publish","type":"page","link":"https:\/\/www.prixdelausanne.org\/fr\/horaires-publics\/live-streaming-2\/","title":{"rendered":"Live-streaming"},"content":{"rendered":"<div class=\"the-content\"><h3><span style=\"color: #c9ad6f;\">Chaque ann\u00e9e, le Prix de Lausanne peut \u00eatre regard\u00e9 <\/span><span style=\"color: #000000;\"><span style=\"color: #c9ad6f;\">depuis chez soi !\u00a0<\/span><\/span><\/h3>\n<p>Pour celles et ceux qui n\u2019ont pas la chance d\u2019\u00eatre sur place, nous diffusons quotidiennement les cours et les coachings en direct. Les S\u00e9lections et la Finale sont \u00e9galement retransmises dans leur int\u00e9gralit\u00e9.<\/p>\n<p><strong>Nouveaut\u00e9<\/strong>: profitez de la rediffusion du Young Creation Award pr\u00e9sent\u00e9e pendant les d\u00e9lib\u00e9rations du Jury lors des S\u00e9lections du vendredi !<\/p>\n<p><i>Le programme d\u00e9taill\u00e9 du streaming pour 2027 sera publi\u00e9 ici au d\u00e9but de l&#8217;ann\u00e9e prochain. En attendant, retrouvez les \u00e9ditions pr\u00e9c\u00e9dentes <\/i><em>sur notre site internet\u00a0et sur Arte TV (<a href=\"https:\/\/www.arte.tv\/fr\/search?q=prix%2Bde%2Blausanne\" data-wpel-link=\"external\" target=\"_blank\" rel=\"nofollow external noopener noreferrer\">arte.tv\/arte-concert<\/a>)<\/em><\/p>\n<\/div>","protected":false},"excerpt":{"rendered":"<p>Chaque ann\u00e9e, le Prix de Lausanne peut \u00eatre regard\u00e9 depuis chez soi !\u00a0 Pour celles et ceux qui n\u2019ont pas la chance d\u2019\u00eatre sur place, nous diffusons quotidiennement les cours et les coachings en direct. Les S\u00e9lections et la Finale sont \u00e9galement retransmises dans leur int\u00e9gralit\u00e9. Nouveaut\u00e9: profitez de la rediffusion du Young Creation Award [&hellip;]<\/p>\n","protected":false},"author":7512,"featured_media":0,"parent":50529,"menu_order":2,"comment_status":"closed","ping_status":"closed","template":"","meta":{"_acf_changed":false,"_monsterinsights_skip_tracking":false,"_monsterinsights_sitenote_active":false,"_monsterinsights_sitenote_note":"","_monsterinsights_sitenote_category":0,"footnotes":""},"class_list":["post-45585","page","type-page","status-publish","hentry"],"acf":[],"_links":{"self":[{"href":"https:\/\/www.prixdelausanne.org\/fr\/wp-json\/wp\/v2\/pages\/45585","targetHints":{"allow":["GET"]}}],"collection":[{"href":"https:\/\/www.prixdelausanne.org\/fr\/wp-json\/wp\/v2\/pages"}],"about":[{"href":"https:\/\/www.prixdelausanne.org\/fr\/wp-json\/wp\/v2\/types\/page"}],"author":[{"embeddable":true,"href":"https:\/\/www.prixdelausanne.org\/fr\/wp-json\/wp\/v2\/users\/7512"}],"replies":[{"embeddable":true,"href":"https:\/\/www.prixdelausanne.org\/fr\/wp-json\/wp\/v2\/comments?post=45585"}],"version-history":[{"count":2,"href":"https:\/\/www.prixdelausanne.org\/fr\/wp-json\/wp\/v2\/pages\/45585\/revisions"}],"predecessor-version":[{"id":90480,"href":"https:\/\/www.prixdelausanne.org\/fr\/wp-json\/wp\/v2\/pages\/45585\/revisions\/90480"}],"up":[{"embeddable":true,"href":"https:\/\/www.prixdelausanne.org\/fr\/wp-json\/wp\/v2\/pages\/50529"}],"wp:attachment":[{"href":"https:\/\/www.prixdelausanne.org\/fr\/wp-json\/wp\/v2\/media?parent=45585"}],"curies":[{"name":"wp","href":"https:\/\/api.w.org\/{rel}","templated":true}]}}