 {"id":45583,"date":"2022-07-04T15:49:04","date_gmt":"2022-07-04T13:49:04","guid":{"rendered":"https:\/\/www.prixdelausanne.org\/latin-american-video-preselection\/"},"modified":"2026-04-15T16:56:22","modified_gmt":"2026-04-15T14:56:22","slug":"preselection-latino-americaine","status":"publish","type":"page","link":"https:\/\/www.prixdelausanne.org\/fr\/preselection-latino-americaine\/","title":{"rendered":"Pr\u00e9s\u00e9lection latino-am\u00e9ricaine"},"content":{"rendered":"<div class=\"the-content\"><p><img decoding=\"async\" class=\"size-full wp-image-90365\" src=\"https:\/\/www.prixdelausanne.org\/wp-content\/uploads\/2026\/04\/dsc0053-scaled.jpg\" alt=\"\" width=\"2560\" height=\"1709\" srcset=\"https:\/\/www.prixdelausanne.org\/wp-content\/uploads\/2026\/04\/dsc0053-scaled.jpg 2560w, https:\/\/www.prixdelausanne.org\/wp-content\/uploads\/2026\/04\/dsc0053-300x200.jpg 300w, https:\/\/www.prixdelausanne.org\/wp-content\/uploads\/2026\/04\/dsc0053-1024x684.jpg 1024w, https:\/\/www.prixdelausanne.org\/wp-content\/uploads\/2026\/04\/dsc0053-800x534.jpg 800w, https:\/\/www.prixdelausanne.org\/wp-content\/uploads\/2026\/04\/dsc0053-1917x1280.jpg 1917w, https:\/\/www.prixdelausanne.org\/wp-content\/uploads\/2026\/04\/dsc0053-1536x1025.jpg 1536w, https:\/\/www.prixdelausanne.org\/wp-content\/uploads\/2026\/04\/dsc0053-2048x1367.jpg 2048w, https:\/\/www.prixdelausanne.org\/wp-content\/uploads\/2026\/04\/dsc0053-900x600.jpg 900w, https:\/\/www.prixdelausanne.org\/wp-content\/uploads\/2026\/04\/dsc0053-440x293.jpg 440w, https:\/\/www.prixdelausanne.org\/wp-content\/uploads\/2026\/04\/dsc0053-1200x800.jpg 1200w\" sizes=\"(max-width: 2560px) 100vw, 2560px\" loading=\"lazy\" \/><\/p>\n<p>L&#8217;objectif de la Pr\u00e9s\u00e9lection Latino-Am\u00e9ricaine du Prix de Lausanne est de soutenir les danseurs et danseuses talentueux d&#8217;Am\u00e9rique Latine dans leur parcours vers une carri\u00e8re professionnelle. Jusqu&#8217;\u00e0 trois candidats sont s\u00e9lectionn\u00e9s et invit\u00e9s ensuite au Prix de Lausanne gratuitement<\/p>\n<p><strong>La <span style=\"color: #c9ad6f;\">Pr\u00e9s\u00e9lection Latino-Am\u00e9ricaine 2026<\/span> se d\u00e9roulera en ligne, et la s\u00e9lection sera effectu\u00e9e sur la base des vid\u00e9os envoy\u00e9es. Le jury d\u00e9lib\u00e9rera du 24 au 25 juin 2026.<\/strong><\/p>\n<\/div>","protected":false},"excerpt":{"rendered":"<p>L&#8217;objectif de la Pr\u00e9s\u00e9lection Latino-Am\u00e9ricaine du Prix de Lausanne est de soutenir les danseurs et danseuses talentueux d&#8217;Am\u00e9rique Latine dans leur parcours vers une carri\u00e8re professionnelle. Jusqu&#8217;\u00e0 trois candidats sont s\u00e9lectionn\u00e9s et invit\u00e9s ensuite au Prix de Lausanne gratuitement La Pr\u00e9s\u00e9lection Latino-Am\u00e9ricaine 2026 se d\u00e9roulera en ligne, et la s\u00e9lection sera effectu\u00e9e sur la base [&hellip;]<\/p>\n","protected":false},"author":7512,"featured_media":0,"parent":0,"menu_order":3,"comment_status":"closed","ping_status":"closed","template":"","meta":{"_acf_changed":false,"_monsterinsights_skip_tracking":false,"_monsterinsights_sitenote_active":false,"_monsterinsights_sitenote_note":"","_monsterinsights_sitenote_category":0,"footnotes":""},"class_list":["post-45583","page","type-page","status-publish","hentry"],"acf":[],"_links":{"self":[{"href":"https:\/\/www.prixdelausanne.org\/fr\/wp-json\/wp\/v2\/pages\/45583","targetHints":{"allow":["GET"]}}],"collection":[{"href":"https:\/\/www.prixdelausanne.org\/fr\/wp-json\/wp\/v2\/pages"}],"about":[{"href":"https:\/\/www.prixdelausanne.org\/fr\/wp-json\/wp\/v2\/types\/page"}],"author":[{"embeddable":true,"href":"https:\/\/www.prixdelausanne.org\/fr\/wp-json\/wp\/v2\/users\/7512"}],"replies":[{"embeddable":true,"href":"https:\/\/www.prixdelausanne.org\/fr\/wp-json\/wp\/v2\/comments?post=45583"}],"version-history":[{"count":0,"href":"https:\/\/www.prixdelausanne.org\/fr\/wp-json\/wp\/v2\/pages\/45583\/revisions"}],"wp:attachment":[{"href":"https:\/\/www.prixdelausanne.org\/fr\/wp-json\/wp\/v2\/media?parent=45583"}],"curies":[{"name":"wp","href":"https:\/\/api.w.org\/{rel}","templated":true}]}}