 {"id":45575,"date":"2022-06-29T13:39:13","date_gmt":"2022-06-29T11:39:13","guid":{"rendered":"https:\/\/www.prixdelausanne.org\/job-offers\/"},"modified":"2026-01-16T12:49:47","modified_gmt":"2026-01-16T11:49:47","slug":"job-offers","status":"publish","type":"page","link":"https:\/\/www.prixdelausanne.org\/fr\/job-offers\/","title":{"rendered":"Recrutement"},"content":{"rendered":"<div class=\"the-content\"><h2>Rejoignez l\u2019\u00e9quipe de b\u00e9n\u00e9voles du Prix de Lausanne pour l\u2019\u00e9dition 2026<\/h2>\n<h3><span style=\"color: #c9ad6f;\">et vivez les coulisses de l\u2019un des concours de danse les plus prestigieux au monde !<\/span><\/h3>\n<\/div>","protected":false},"excerpt":{"rendered":"<p>Rejoignez l\u2019\u00e9quipe de b\u00e9n\u00e9voles du Prix de Lausanne pour l\u2019\u00e9dition 2026 et vivez les coulisses de l\u2019un des concours de danse les plus prestigieux au monde !<\/p>\n","protected":false},"author":7512,"featured_media":0,"parent":0,"menu_order":0,"comment_status":"closed","ping_status":"closed","template":"","meta":{"_acf_changed":false,"_monsterinsights_skip_tracking":false,"_monsterinsights_sitenote_active":false,"_monsterinsights_sitenote_note":"","_monsterinsights_sitenote_category":0,"footnotes":""},"class_list":["post-45575","page","type-page","status-publish","hentry"],"acf":[],"_links":{"self":[{"href":"https:\/\/www.prixdelausanne.org\/fr\/wp-json\/wp\/v2\/pages\/45575","targetHints":{"allow":["GET"]}}],"collection":[{"href":"https:\/\/www.prixdelausanne.org\/fr\/wp-json\/wp\/v2\/pages"}],"about":[{"href":"https:\/\/www.prixdelausanne.org\/fr\/wp-json\/wp\/v2\/types\/page"}],"author":[{"embeddable":true,"href":"https:\/\/www.prixdelausanne.org\/fr\/wp-json\/wp\/v2\/users\/7512"}],"replies":[{"embeddable":true,"href":"https:\/\/www.prixdelausanne.org\/fr\/wp-json\/wp\/v2\/comments?post=45575"}],"version-history":[{"count":0,"href":"https:\/\/www.prixdelausanne.org\/fr\/wp-json\/wp\/v2\/pages\/45575\/revisions"}],"wp:attachment":[{"href":"https:\/\/www.prixdelausanne.org\/fr\/wp-json\/wp\/v2\/media?parent=45575"}],"curies":[{"name":"wp","href":"https:\/\/api.w.org\/{rel}","templated":true}]}}