 {"id":45566,"date":"2022-06-29T17:51:44","date_gmt":"2022-06-29T15:51:44","guid":{"rendered":"https:\/\/www.prixdelausanne.org\/jeunes-amis\/"},"modified":"2025-06-17T15:34:56","modified_gmt":"2025-06-17T13:34:56","slug":"jeunes-amis","status":"publish","type":"page","link":"https:\/\/www.prixdelausanne.org\/fr\/jeunes-amis\/","title":{"rendered":"Jeunes Amis | Young Friends"},"content":{"rendered":"<div class=\"the-content\"><h4><span style=\"color: #c9ad6f;\">Observer ce qui se passe dans les coulisses d\u2019un concours de danse international, assister \u00e0 une le\u00e7on ou \u00e0 une s\u00e9ance de r\u00e9p\u00e9tition des candidats, visiter les loges et l\u2019arri\u00e8re-sc\u00e8ne du th\u00e9\u00e2tre : quel r\u00eave pour les enfants et les jeunes passionn\u00e9s de ballet!<\/span><\/h4>\n<\/div>","protected":false},"excerpt":{"rendered":"<p>Observer ce qui se passe dans les coulisses d\u2019un concours de danse international, assister \u00e0 une le\u00e7on ou \u00e0 une s\u00e9ance de r\u00e9p\u00e9tition des candidats, visiter les loges et l\u2019arri\u00e8re-sc\u00e8ne du th\u00e9\u00e2tre : quel r\u00eave pour les enfants et les jeunes passionn\u00e9s de ballet!<\/p>\n","protected":false},"author":7512,"featured_media":0,"parent":0,"menu_order":3,"comment_status":"closed","ping_status":"closed","template":"","meta":{"_acf_changed":false,"_monsterinsights_skip_tracking":false,"_monsterinsights_sitenote_active":false,"_monsterinsights_sitenote_note":"","_monsterinsights_sitenote_category":0,"footnotes":""},"class_list":["post-45566","page","type-page","status-publish","hentry"],"acf":[],"_links":{"self":[{"href":"https:\/\/www.prixdelausanne.org\/fr\/wp-json\/wp\/v2\/pages\/45566","targetHints":{"allow":["GET"]}}],"collection":[{"href":"https:\/\/www.prixdelausanne.org\/fr\/wp-json\/wp\/v2\/pages"}],"about":[{"href":"https:\/\/www.prixdelausanne.org\/fr\/wp-json\/wp\/v2\/types\/page"}],"author":[{"embeddable":true,"href":"https:\/\/www.prixdelausanne.org\/fr\/wp-json\/wp\/v2\/users\/7512"}],"replies":[{"embeddable":true,"href":"https:\/\/www.prixdelausanne.org\/fr\/wp-json\/wp\/v2\/comments?post=45566"}],"version-history":[{"count":0,"href":"https:\/\/www.prixdelausanne.org\/fr\/wp-json\/wp\/v2\/pages\/45566\/revisions"}],"wp:attachment":[{"href":"https:\/\/www.prixdelausanne.org\/fr\/wp-json\/wp\/v2\/media?parent=45566"}],"curies":[{"name":"wp","href":"https:\/\/api.w.org\/{rel}","templated":true}]}}