 {"id":45557,"date":"2022-06-30T16:03:39","date_gmt":"2022-06-30T14:03:39","guid":{"rendered":"https:\/\/www.prixdelausanne.org\/health-policy\/"},"modified":"2025-03-06T10:53:14","modified_gmt":"2025-03-06T09:53:14","slug":"politique-de-sante-2","status":"publish","type":"page","link":"https:\/\/www.prixdelausanne.org\/fr\/politique-de-sante-2\/","title":{"rendered":"Politique de sant\u00e9"},"content":{"rendered":"<div class=\"the-content\"><h4><span style=\"color: #c9ad6f;\">\u00c0 la fois artistes et athl\u00e8tes de haut niveau, les danseurs et les danseuses doivent consid\u00e9rer le soin du corps et de la sant\u00e9 mentale comme priorit\u00e9 absolue, afin de pr\u00e9server leurs performances et de favoriser la long\u00e9vit\u00e9 de leur carri\u00e8re. <\/span><\/h4>\n<p><strong><span style=\"color: #000000;\">Leader international dans le domaine de la danse, nous pla\u00e7ons la sant\u00e9 et le bien-\u00eatre des candidats au c\u0153ur de notre mission.\u00a0 Cela inclut la mise en place d&#8217;une politique de sant\u00e9 rigoureuse et la promotion de normes d&#8217;\u00e9thique exemplaires.<\/span><\/strong><\/p>\n<p>Ce que nous faisons\u00a0:<\/p>\n<ul>\n<li>Nous exigeons une \u00e9valuation m\u00e9dicale compl\u00e8te de l\u2019\u00e9tat de sant\u00e9 physique et mentale de chaque danseur et danseuse, ainsi que de leurs habitudes alimentaires, r\u00e9alis\u00e9e via un formulaire m\u00e9dical en ligne avant la s\u00e9lection vid\u00e9o pour le concours.<\/li>\n<li>Nous garantissons la pr\u00e9sence d&#8217;une \u00e9quipe d&#8217;experts m\u00e9dicaux tout au long de la semaine du concours.<\/li>\n<li>Nous organisons des ateliers anim\u00e9s par des sp\u00e9cialistes, pour aider les danseurs et danseuses \u00e0 se pr\u00e9parer au concours et g\u00e9rer les exigences d\u2019un entra\u00eenement de danse intensif.<\/li>\n<\/ul>\n<p>Pour nous accompagner dans cette mission essentielle, <strong>MotionLab<\/strong> est notre partenaire m\u00e9dical depuis fin 2024, avec le soutien du r\u00e9seau de <strong>Swiss Medical Network<\/strong>. Gr\u00e2ce \u00e0 une approche holistique, <strong>MotionLab<\/strong> offre un soutien complet d\u2019excellence aux candidats du Prix de Lausanne, ainsi qu&#8217;aux participants de l&#8217;ensemble de nos programmes.<\/p>\n<\/div>","protected":false},"excerpt":{"rendered":"<p>\u00c0 la fois artistes et athl\u00e8tes de haut niveau, les danseurs et les danseuses doivent consid\u00e9rer le soin du corps et de la sant\u00e9 mentale comme priorit\u00e9 absolue, afin de pr\u00e9server leurs performances et de favoriser la long\u00e9vit\u00e9 de leur carri\u00e8re. Leader international dans le domaine de la danse, nous pla\u00e7ons la sant\u00e9 et le [&hellip;]<\/p>\n","protected":false},"author":7512,"featured_media":0,"parent":0,"menu_order":3,"comment_status":"closed","ping_status":"closed","template":"","meta":{"_acf_changed":false,"_monsterinsights_skip_tracking":false,"_monsterinsights_sitenote_active":false,"_monsterinsights_sitenote_note":"","_monsterinsights_sitenote_category":0,"footnotes":""},"class_list":["post-45557","page","type-page","status-publish","hentry"],"acf":[],"_links":{"self":[{"href":"https:\/\/www.prixdelausanne.org\/fr\/wp-json\/wp\/v2\/pages\/45557","targetHints":{"allow":["GET"]}}],"collection":[{"href":"https:\/\/www.prixdelausanne.org\/fr\/wp-json\/wp\/v2\/pages"}],"about":[{"href":"https:\/\/www.prixdelausanne.org\/fr\/wp-json\/wp\/v2\/types\/page"}],"author":[{"embeddable":true,"href":"https:\/\/www.prixdelausanne.org\/fr\/wp-json\/wp\/v2\/users\/7512"}],"replies":[{"embeddable":true,"href":"https:\/\/www.prixdelausanne.org\/fr\/wp-json\/wp\/v2\/comments?post=45557"}],"version-history":[{"count":0,"href":"https:\/\/www.prixdelausanne.org\/fr\/wp-json\/wp\/v2\/pages\/45557\/revisions"}],"wp:attachment":[{"href":"https:\/\/www.prixdelausanne.org\/fr\/wp-json\/wp\/v2\/media?parent=45557"}],"curies":[{"name":"wp","href":"https:\/\/api.w.org\/{rel}","templated":true}]}}