 {"id":45538,"date":"2022-06-29T16:21:11","date_gmt":"2022-06-29T14:21:11","guid":{"rendered":"https:\/\/www.prixdelausanne.org\/contact-press\/"},"modified":"2022-08-19T14:56:02","modified_gmt":"2022-08-19T12:56:02","slug":"presse-contact","status":"publish","type":"page","link":"https:\/\/www.prixdelausanne.org\/fr\/presse-contact\/","title":{"rendered":"Contact Presse"},"content":{"rendered":"<div class=\"the-content\"><h4>Pour toutes vos demandes relatives aux<\/h4>\n<ul>\n<li>accr\u00e9ditations<\/li>\n<li>acc\u00e8s presse (dossier de presse, programme de la semaine, information sur les candidats, demande de photos)<\/li>\n<li>demandes d&#8217;interviews<\/li>\n<li>besoins en mati\u00e8re de multim\u00e9dia ou de m\u00e9dias sociaux<\/li>\n<\/ul>\n<p>merci de contacter notre \u00e9quipe de presse :<br \/>\n<a href=\"javascript:secureDecryptAndNavigate(&#039;Rk9ghgS+8f0cdF3qR0+LJjlvq80VgUJX3fTfmsgoopLRzKtA8Itxv7dr3WD3bLA\/3VLyV\/q9cJBnbYQIypywtXwmQ2y6hro6a+qAyHBeiQ==&#039;, &#039;b48028d5d4d146086128ac7b8ba24bf639fadcc7c58b9fb2f272c4ebeedfda6d&#039;)\" target=\"_blank\" rel=\"noopener\" data-wpel-link=\"internal\">&#112;r&#101;&#115;&#115;&#64;p&#114;ixde&#108;&#97;&#117;&#115;&#97;nne&#46;&#111;&#114;g<\/a><\/p>\n<p><img decoding=\"async\" class=\"wp-image-41552 size-large aligncenter\" src=\"https:\/\/www.prixdelausanne.org\/wp-content\/uploads\/2022\/06\/l1007267-1024x512.jpg\" alt=\"\" width=\"1024\" height=\"512\" srcset=\"https:\/\/www.prixdelausanne.org\/wp-content\/uploads\/2022\/06\/l1007267-1024x512.jpg 1024w, https:\/\/www.prixdelausanne.org\/wp-content\/uploads\/2022\/06\/l1007267-800x400.jpg 800w, https:\/\/www.prixdelausanne.org\/wp-content\/uploads\/2022\/06\/l1007267-300x150.jpg 300w, https:\/\/www.prixdelausanne.org\/wp-content\/uploads\/2022\/06\/l1007267-1920x960.jpg 1920w, https:\/\/www.prixdelausanne.org\/wp-content\/uploads\/2022\/06\/l1007267-1536x768.jpg 1536w, https:\/\/www.prixdelausanne.org\/wp-content\/uploads\/2022\/06\/l1007267-2048x1024.jpg 2048w\" sizes=\"(max-width: 1024px) 100vw, 1024px\" loading=\"lazy\" \/><\/p>\n<\/div>","protected":false},"excerpt":{"rendered":"<p>Pour toutes vos demandes relatives aux accr\u00e9ditations acc\u00e8s presse (dossier de presse, programme de la semaine, information sur les candidats, demande de photos) demandes d&#8217;interviews besoins en mati\u00e8re de multim\u00e9dia ou de m\u00e9dias sociaux merci de contacter notre \u00e9quipe de presse : press&#64;&#112;&#114;i&#120;d&#101;laus&#97;nn&#101;.&#111;&#114;&#103;<\/p>\n","protected":false},"author":7512,"featured_media":0,"parent":0,"menu_order":3,"comment_status":"closed","ping_status":"closed","template":"","meta":{"_acf_changed":false,"_monsterinsights_skip_tracking":false,"_monsterinsights_sitenote_active":false,"_monsterinsights_sitenote_note":"","_monsterinsights_sitenote_category":0,"footnotes":""},"class_list":["post-45538","page","type-page","status-publish","hentry"],"acf":[],"_links":{"self":[{"href":"https:\/\/www.prixdelausanne.org\/fr\/wp-json\/wp\/v2\/pages\/45538","targetHints":{"allow":["GET"]}}],"collection":[{"href":"https:\/\/www.prixdelausanne.org\/fr\/wp-json\/wp\/v2\/pages"}],"about":[{"href":"https:\/\/www.prixdelausanne.org\/fr\/wp-json\/wp\/v2\/types\/page"}],"author":[{"embeddable":true,"href":"https:\/\/www.prixdelausanne.org\/fr\/wp-json\/wp\/v2\/users\/7512"}],"replies":[{"embeddable":true,"href":"https:\/\/www.prixdelausanne.org\/fr\/wp-json\/wp\/v2\/comments?post=45538"}],"version-history":[{"count":0,"href":"https:\/\/www.prixdelausanne.org\/fr\/wp-json\/wp\/v2\/pages\/45538\/revisions"}],"wp:attachment":[{"href":"https:\/\/www.prixdelausanne.org\/fr\/wp-json\/wp\/v2\/media?parent=45538"}],"curies":[{"name":"wp","href":"https:\/\/api.w.org\/{rel}","templated":true}]}}