 {"id":45529,"date":"2022-06-29T17:06:59","date_gmt":"2022-06-29T15:06:59","guid":{"rendered":"https:\/\/www.prixdelausanne.org\/circle-of-friends\/"},"modified":"2026-01-22T15:06:41","modified_gmt":"2026-01-22T14:06:41","slug":"circle-of-friends","status":"publish","type":"page","link":"https:\/\/www.prixdelausanne.org\/fr\/circle-of-friends\/","title":{"rendered":"Cercle des Amis"},"content":{"rendered":"<div class=\"the-content\"><h2><span style=\"color: #c9ad6f;\">DEVENEZ UN AMI DU PRIX DE LAUSANNE !<\/span><\/h2>\n<p><strong>Soutenez les futures \u00e9toiles de la danse, contribuez \u00e0 notre mission \u00e9ducative, et entrez dans les coulisses du plus prestigieux concours de danse au monde !<\/strong><\/p>\n<p>Le Prix de Lausanne est une fondation \u00e0 but non lucratif dont l\u2019existence d\u00e9pend du soutien des autorit\u00e9s officielles et de la g\u00e9n\u00e9rosit\u00e9 de sponsors et de donateurs comme vous.<\/p>\n<p>Gr\u00e2ce \u00e0 leur engagement, les membres du Cercle permettent au Prix de Lausanne de maintenir son objectif d\u2019excellence tout en mettant l\u2019accent sur la formation et le bien-\u00eatre des danseurs.<\/p>\n<\/div>","protected":false},"excerpt":{"rendered":"<p>DEVENEZ UN AMI DU PRIX DE LAUSANNE ! Soutenez les futures \u00e9toiles de la danse, contribuez \u00e0 notre mission \u00e9ducative, et entrez dans les coulisses du plus prestigieux concours de danse au monde ! Le Prix de Lausanne est une fondation \u00e0 but non lucratif dont l\u2019existence d\u00e9pend du soutien des autorit\u00e9s officielles et de [&hellip;]<\/p>\n","protected":false},"author":7512,"featured_media":0,"parent":0,"menu_order":2,"comment_status":"closed","ping_status":"closed","template":"","meta":{"_acf_changed":false,"_monsterinsights_skip_tracking":false,"_monsterinsights_sitenote_active":false,"_monsterinsights_sitenote_note":"","_monsterinsights_sitenote_category":0,"footnotes":""},"class_list":["post-45529","page","type-page","status-publish","hentry"],"acf":[],"_links":{"self":[{"href":"https:\/\/www.prixdelausanne.org\/fr\/wp-json\/wp\/v2\/pages\/45529","targetHints":{"allow":["GET"]}}],"collection":[{"href":"https:\/\/www.prixdelausanne.org\/fr\/wp-json\/wp\/v2\/pages"}],"about":[{"href":"https:\/\/www.prixdelausanne.org\/fr\/wp-json\/wp\/v2\/types\/page"}],"author":[{"embeddable":true,"href":"https:\/\/www.prixdelausanne.org\/fr\/wp-json\/wp\/v2\/users\/7512"}],"replies":[{"embeddable":true,"href":"https:\/\/www.prixdelausanne.org\/fr\/wp-json\/wp\/v2\/comments?post=45529"}],"version-history":[{"count":0,"href":"https:\/\/www.prixdelausanne.org\/fr\/wp-json\/wp\/v2\/pages\/45529\/revisions"}],"wp:attachment":[{"href":"https:\/\/www.prixdelausanne.org\/fr\/wp-json\/wp\/v2\/media?parent=45529"}],"curies":[{"name":"wp","href":"https:\/\/api.w.org\/{rel}","templated":true}]}}