 {"id":45520,"date":"2022-06-30T13:11:30","date_gmt":"2022-06-30T11:11:30","guid":{"rendered":"https:\/\/www.prixdelausanne.org\/choreographic-project\/"},"modified":"2026-04-14T16:19:50","modified_gmt":"2026-04-14T14:19:50","slug":"projet-choregraphique","status":"publish","type":"page","link":"https:\/\/www.prixdelausanne.org\/fr\/projet-choregraphique\/","title":{"rendered":"Projet Chor\u00e9graphique des \u00c9coles Partenaires"},"content":{"rendered":"<div class=\"the-content\"><h4>Le Projet Chor\u00e9graphique des \u00c9coles Partenaires est un programme chor\u00e9graphique qui propose \u00e0 certains \u00e9l\u00e8ves de nos \u00e9coles partenaires de venir \u00e0 Lausanne pour apprendre et ex\u00e9cuter une chor\u00e9graphie unique et sur mesure avec un chor\u00e9graphe de renom.<\/h4>\n<p>Cet atelier a lieu \u00e0 Lausanne pendant le concours principal du Prix de Lausanne, mais ne fait pas partie du concours. Les \u00e9tudiants qui participent au Projet chor\u00e9graphique sont envoy\u00e9s par leurs \u00e9coles pour vivre une exp\u00e9rience collective et p\u00e9dagogique unique de cr\u00e9ation de chor\u00e9graphie. Pendant une semaine enti\u00e8re, ils ont la chance de rencontrer de jeunes danseurs du monde entier et de travailler avec certains des plus grands chor\u00e9graphes de notre \u00e9poque. La chor\u00e9graphie, cr\u00e9\u00e9e et mise en sc\u00e8ne en quelques jours seulement, est ensuite pr\u00e9sent\u00e9e devant le public lors de la finale du Prix de Lausanne.<\/p>\n<p>&nbsp;<\/p>\n<\/div>","protected":false},"excerpt":{"rendered":"<p>Le Projet Chor\u00e9graphique des \u00c9coles Partenaires est un programme chor\u00e9graphique qui propose \u00e0 certains \u00e9l\u00e8ves de nos \u00e9coles partenaires de venir \u00e0 Lausanne pour apprendre et ex\u00e9cuter une chor\u00e9graphie unique et sur mesure avec un chor\u00e9graphe de renom. Cet atelier a lieu \u00e0 Lausanne pendant le concours principal du Prix de Lausanne, mais ne fait [&hellip;]<\/p>\n","protected":false},"author":7512,"featured_media":0,"parent":0,"menu_order":4,"comment_status":"closed","ping_status":"closed","template":"","meta":{"_acf_changed":false,"_monsterinsights_skip_tracking":false,"_monsterinsights_sitenote_active":false,"_monsterinsights_sitenote_note":"","_monsterinsights_sitenote_category":0,"footnotes":""},"class_list":["post-45520","page","type-page","status-publish","hentry"],"acf":[],"_links":{"self":[{"href":"https:\/\/www.prixdelausanne.org\/fr\/wp-json\/wp\/v2\/pages\/45520","targetHints":{"allow":["GET"]}}],"collection":[{"href":"https:\/\/www.prixdelausanne.org\/fr\/wp-json\/wp\/v2\/pages"}],"about":[{"href":"https:\/\/www.prixdelausanne.org\/fr\/wp-json\/wp\/v2\/types\/page"}],"author":[{"embeddable":true,"href":"https:\/\/www.prixdelausanne.org\/fr\/wp-json\/wp\/v2\/users\/7512"}],"replies":[{"embeddable":true,"href":"https:\/\/www.prixdelausanne.org\/fr\/wp-json\/wp\/v2\/comments?post=45520"}],"version-history":[{"count":0,"href":"https:\/\/www.prixdelausanne.org\/fr\/wp-json\/wp\/v2\/pages\/45520\/revisions"}],"wp:attachment":[{"href":"https:\/\/www.prixdelausanne.org\/fr\/wp-json\/wp\/v2\/media?parent=45520"}],"curies":[{"name":"wp","href":"https:\/\/api.w.org\/{rel}","templated":true}]}}