 {"id":45515,"date":"2022-06-30T14:59:21","date_gmt":"2022-06-30T12:59:21","guid":{"rendered":"https:\/\/www.prixdelausanne.org\/candidates-info\/"},"modified":"2026-01-26T15:41:31","modified_gmt":"2026-01-26T14:41:31","slug":"informations","status":"publish","type":"page","link":"https:\/\/www.prixdelausanne.org\/fr\/informations\/","title":{"rendered":"Informations pratiques"},"content":{"rendered":"<div class=\"the-content\"><p>Le <span style=\"color: #c9ad6f;\"><strong>Prix de Lausanne 2026<\/strong><\/span>\u00a0aura lieu du <strong>1 au 8 f\u00e9vrier 2026<\/strong>, \u00e0 Beaulieu Lausanne, en Suisse.<\/p>\n<p>Suivez nos r\u00e9seaux sociaux et <a href=\"https:\/\/www.prixdelausanne.org\/fr\/newsletter\/\" target=\"_blank\" rel=\"noopener\" data-wpel-link=\"internal\">abonnez-vous \u00e0 la newsletter<\/a> pour ne manquer aucune information!<\/p>\n<p>&nbsp;<\/p>\n<\/div>","protected":false},"excerpt":{"rendered":"<p>Le Prix de Lausanne 2026\u00a0aura lieu du 1 au 8 f\u00e9vrier 2026, \u00e0 Beaulieu Lausanne, en Suisse. Suivez nos r\u00e9seaux sociaux et abonnez-vous \u00e0 la newsletter pour ne manquer aucune information! &nbsp;<\/p>\n","protected":false},"author":7512,"featured_media":0,"parent":0,"menu_order":0,"comment_status":"closed","ping_status":"closed","template":"","meta":{"_acf_changed":false,"_monsterinsights_skip_tracking":false,"_monsterinsights_sitenote_active":false,"_monsterinsights_sitenote_note":"","_monsterinsights_sitenote_category":0,"footnotes":""},"class_list":["post-45515","page","type-page","status-publish","hentry"],"acf":[],"_links":{"self":[{"href":"https:\/\/www.prixdelausanne.org\/fr\/wp-json\/wp\/v2\/pages\/45515","targetHints":{"allow":["GET"]}}],"collection":[{"href":"https:\/\/www.prixdelausanne.org\/fr\/wp-json\/wp\/v2\/pages"}],"about":[{"href":"https:\/\/www.prixdelausanne.org\/fr\/wp-json\/wp\/v2\/types\/page"}],"author":[{"embeddable":true,"href":"https:\/\/www.prixdelausanne.org\/fr\/wp-json\/wp\/v2\/users\/7512"}],"replies":[{"embeddable":true,"href":"https:\/\/www.prixdelausanne.org\/fr\/wp-json\/wp\/v2\/comments?post=45515"}],"version-history":[{"count":0,"href":"https:\/\/www.prixdelausanne.org\/fr\/wp-json\/wp\/v2\/pages\/45515\/revisions"}],"wp:attachment":[{"href":"https:\/\/www.prixdelausanne.org\/fr\/wp-json\/wp\/v2\/media?parent=45515"}],"curies":[{"name":"wp","href":"https:\/\/api.w.org\/{rel}","templated":true}]}}