 {"id":45512,"date":"2022-07-04T15:38:03","date_gmt":"2022-07-04T13:38:03","guid":{"rendered":"https:\/\/www.prixdelausanne.org\/bourse-vaudoise\/"},"modified":"2026-04-20T14:01:33","modified_gmt":"2026-04-20T12:01:33","slug":"bourse-vaudoise","status":"publish","type":"page","link":"https:\/\/www.prixdelausanne.org\/fr\/bourse-vaudoise\/","title":{"rendered":"Bourse vaudoise de danse"},"content":{"rendered":"<div class=\"the-content\"><h3>Chaque ann\u00e9e, le Prix de Lausanne s\u2019associe \u00e0 <a href=\"https:\/\/www.retraitespopulaires.ch\/\" target=\"_blank\" rel=\"noopener nofollow external noreferrer\" data-wpel-link=\"external\">Retraites Populaires<\/a>\u00a0pour mettre en avant un jeune talent de notre r\u00e9gion et l&#8217;accompagner dans sa formation.<\/h3>\n<p>&nbsp;<\/p>\n<p>La Bourse vaudoise de danse, organis\u00e9e par le Prix de Lausanne gr\u00e2ce au soutien de Retraites Populaires, offre un soutien concret \u00e0 un\u00b7e danseur\u00b7se du Canton de Vaud \u00e2g\u00e9\u00b7e de 14 \u00e0 18 ans, afin de l\u2019encourager dans sa formation et de valoriser son talent. La bourse est d\u00e9cern\u00e9e par un jury \u00e0 l\u2019issue d\u2019une audition.<\/p>\n<p>&nbsp;<\/p>\n<p><span style=\"color: #c9ad6f;\"><em><strong><a style=\"color: #c9ad6f;\" href=\"https:\/\/www.prixdelausanne.org\/fr\/boursevaudoise2025\/\" data-wpel-link=\"internal\">(Re)d\u00e9couvrez ici le gagnant 2025!<\/a><\/strong><\/em><\/span><\/p>\n<\/div>","protected":false},"excerpt":{"rendered":"<p>Chaque ann\u00e9e, le Prix de Lausanne s\u2019associe \u00e0 Retraites Populaires\u00a0pour mettre en avant un jeune talent de notre r\u00e9gion et l&#8217;accompagner dans sa formation. &nbsp; La Bourse vaudoise de danse, organis\u00e9e par le Prix de Lausanne gr\u00e2ce au soutien de Retraites Populaires, offre un soutien concret \u00e0 un\u00b7e danseur\u00b7se du Canton de Vaud \u00e2g\u00e9\u00b7e de [&hellip;]<\/p>\n","protected":false},"author":7512,"featured_media":0,"parent":0,"menu_order":2,"comment_status":"closed","ping_status":"closed","template":"","meta":{"_acf_changed":false,"_monsterinsights_skip_tracking":false,"_monsterinsights_sitenote_active":false,"_monsterinsights_sitenote_note":"","_monsterinsights_sitenote_category":0,"footnotes":""},"class_list":["post-45512","page","type-page","status-publish","hentry"],"acf":[],"_links":{"self":[{"href":"https:\/\/www.prixdelausanne.org\/fr\/wp-json\/wp\/v2\/pages\/45512","targetHints":{"allow":["GET"]}}],"collection":[{"href":"https:\/\/www.prixdelausanne.org\/fr\/wp-json\/wp\/v2\/pages"}],"about":[{"href":"https:\/\/www.prixdelausanne.org\/fr\/wp-json\/wp\/v2\/types\/page"}],"author":[{"embeddable":true,"href":"https:\/\/www.prixdelausanne.org\/fr\/wp-json\/wp\/v2\/users\/7512"}],"replies":[{"embeddable":true,"href":"https:\/\/www.prixdelausanne.org\/fr\/wp-json\/wp\/v2\/comments?post=45512"}],"version-history":[{"count":1,"href":"https:\/\/www.prixdelausanne.org\/fr\/wp-json\/wp\/v2\/pages\/45512\/revisions"}],"predecessor-version":[{"id":90398,"href":"https:\/\/www.prixdelausanne.org\/fr\/wp-json\/wp\/v2\/pages\/45512\/revisions\/90398"}],"wp:attachment":[{"href":"https:\/\/www.prixdelausanne.org\/fr\/wp-json\/wp\/v2\/media?parent=45512"}],"curies":[{"name":"wp","href":"https:\/\/api.w.org\/{rel}","templated":true}]}}