 {"id":45507,"date":"2022-06-30T14:47:01","date_gmt":"2022-06-30T12:47:01","guid":{"rendered":"https:\/\/www.prixdelausanne.org\/50th-anniversary\/"},"modified":"2025-12-11T16:19:59","modified_gmt":"2025-12-11T15:19:59","slug":"evenements-speciaux","status":"publish","type":"page","link":"https:\/\/www.prixdelausanne.org\/fr\/evenements-speciaux\/","title":{"rendered":"\u00c9v\u00e9nements"},"content":{"rendered":"<div class=\"the-content\"><section class=\"mb-5\">\n<div class=\"the-content\">\n<h3><strong>Le programme complet sera annonc\u00e9 en d\u00e9cembre!<\/strong><\/h3>\n<p><strong>Nous nous r\u00e9jouissons de vous accueillir lors de la prochaine \u00e9dition du Prix de Lausanne, qui se tiendra du 1 au 8 f\u00e9vrier 2026, \u00e0 Beaulieu Lausanne.\u00a0Les billets pour le Prix de Lausanne 2026 seront en vente d\u00e8s le 10 d\u00e9cembre 2025, \u00e0 midi.<\/strong><\/p>\n<p><strong>Pour ne manquer aucune actualit\u00e9, suivez-nous sur les r\u00e9seaux sociaux ou abonnez-vous \u00e0 la\u00a0<a href=\"https:\/\/www.prixdelausanne.org\/fr\/newsletter\/\" data-wpel-link=\"internal\">newsletter<\/a>.<\/strong><\/p>\n<p>&nbsp;<\/p>\n<\/div>\n<\/section>\n<section id=\"\" class=\"contenu_texte mb-5\">\n<div class=\"the-content\"><\/div>\n<\/section>\n<\/div>","protected":false},"excerpt":{"rendered":"<p>Le programme complet sera annonc\u00e9 en d\u00e9cembre! Nous nous r\u00e9jouissons de vous accueillir lors de la prochaine \u00e9dition du Prix de Lausanne, qui se tiendra du 1 au 8 f\u00e9vrier 2026, \u00e0 Beaulieu Lausanne.\u00a0Les billets pour le Prix de Lausanne 2026 seront en vente d\u00e8s le 10 d\u00e9cembre 2025, \u00e0 midi. Pour ne manquer aucune [&hellip;]<\/p>\n","protected":false},"author":7512,"featured_media":0,"parent":0,"menu_order":0,"comment_status":"closed","ping_status":"closed","template":"","meta":{"_acf_changed":false,"_monsterinsights_skip_tracking":false,"_monsterinsights_sitenote_active":false,"_monsterinsights_sitenote_note":"","_monsterinsights_sitenote_category":0,"footnotes":""},"class_list":["post-45507","page","type-page","status-publish","hentry"],"acf":[],"_links":{"self":[{"href":"https:\/\/www.prixdelausanne.org\/fr\/wp-json\/wp\/v2\/pages\/45507","targetHints":{"allow":["GET"]}}],"collection":[{"href":"https:\/\/www.prixdelausanne.org\/fr\/wp-json\/wp\/v2\/pages"}],"about":[{"href":"https:\/\/www.prixdelausanne.org\/fr\/wp-json\/wp\/v2\/types\/page"}],"author":[{"embeddable":true,"href":"https:\/\/www.prixdelausanne.org\/fr\/wp-json\/wp\/v2\/users\/7512"}],"replies":[{"embeddable":true,"href":"https:\/\/www.prixdelausanne.org\/fr\/wp-json\/wp\/v2\/comments?post=45507"}],"version-history":[{"count":0,"href":"https:\/\/www.prixdelausanne.org\/fr\/wp-json\/wp\/v2\/pages\/45507\/revisions"}],"wp:attachment":[{"href":"https:\/\/www.prixdelausanne.org\/fr\/wp-json\/wp\/v2\/media?parent=45507"}],"curies":[{"name":"wp","href":"https:\/\/api.w.org\/{rel}","templated":true}]}}