 {"id":129,"date":"2014-06-23T12:41:16","date_gmt":"2014-06-23T10:41:16","guid":{"rendered":"http:\/\/www.prixdelausanne.org\/?page_id=129"},"modified":"2026-04-09T13:29:50","modified_gmt":"2026-04-09T11:29:50","slug":"home","status":"publish","type":"page","link":"https:\/\/www.prixdelausanne.org\/fr\/","title":{"rendered":"Home"},"content":{"rendered":"<div class=\"the-content\"><p>Le Prix de Lausanne est un concours international pour jeunes danseurs. Cr\u00e9\u00e9 le 19 janvier 1973 \u00e0 Lausanne (Suisse), il se d\u00e9roule chaque ann\u00e9e autour de janvier et f\u00e9vrier. Il est consid\u00e9r\u00e9 comme le concours de ballet le plus prestigieux au monde !<code><\/code><\/p>\n<\/div>","protected":false},"excerpt":{"rendered":"<p>Le Prix de Lausanne est un concours international pour jeunes danseurs. Cr\u00e9\u00e9 le 19 janvier 1973 \u00e0 Lausanne (Suisse), il se d\u00e9roule chaque ann\u00e9e autour de janvier et f\u00e9vrier. Il est consid\u00e9r\u00e9 comme le concours de ballet le plus prestigieux au monde !<\/p>\n","protected":false},"author":7512,"featured_media":0,"parent":0,"menu_order":47,"comment_status":"closed","ping_status":"closed","template":"page-home.php","meta":{"_acf_changed":false,"_monsterinsights_skip_tracking":false,"_monsterinsights_sitenote_active":false,"_monsterinsights_sitenote_note":"","_monsterinsights_sitenote_category":0,"footnotes":""},"class_list":["post-129","page","type-page","status-publish","hentry"],"acf":[],"_links":{"self":[{"href":"https:\/\/www.prixdelausanne.org\/fr\/wp-json\/wp\/v2\/pages\/129","targetHints":{"allow":["GET"]}}],"collection":[{"href":"https:\/\/www.prixdelausanne.org\/fr\/wp-json\/wp\/v2\/pages"}],"about":[{"href":"https:\/\/www.prixdelausanne.org\/fr\/wp-json\/wp\/v2\/types\/page"}],"author":[{"embeddable":true,"href":"https:\/\/www.prixdelausanne.org\/fr\/wp-json\/wp\/v2\/users\/7512"}],"replies":[{"embeddable":true,"href":"https:\/\/www.prixdelausanne.org\/fr\/wp-json\/wp\/v2\/comments?post=129"}],"version-history":[{"count":0,"href":"https:\/\/www.prixdelausanne.org\/fr\/wp-json\/wp\/v2\/pages\/129\/revisions"}],"wp:attachment":[{"href":"https:\/\/www.prixdelausanne.org\/fr\/wp-json\/wp\/v2\/media?parent=129"}],"curies":[{"name":"wp","href":"https:\/\/api.w.org\/{rel}","templated":true}]}}